{"id":56,"date":"2016-07-12T21:43:33","date_gmt":"2016-07-12T20:43:33","guid":{"rendered":"https:\/\/the7.io\/restaurant\/?page_id=56"},"modified":"2024-04-06T14:21:34","modified_gmt":"2024-04-06T12:21:34","slug":"contact","status":"publish","type":"page","link":"https:\/\/legumistes.com\/index.php\/contact\/","title":{"rendered":"Contact"},"content":{"rendered":"\t\t<div data-elementor-type=\"wp-page\" data-elementor-id=\"56\" class=\"elementor elementor-56\">\n\t\t\t\t\t\t\t\t\t<section class=\"elementor-section elementor-top-section elementor-element elementor-element-b25c5de elementor-section-boxed elementor-section-height-default elementor-section-height-default\" data-id=\"b25c5de\" data-element_type=\"section\">\n\t\t\t\t\t\t<div class=\"elementor-container elementor-column-gap-default\">\n\t\t\t\t\t<div class=\"elementor-column elementor-col-100 elementor-top-column elementor-element elementor-element-53929de\" data-id=\"53929de\" data-element_type=\"column\">\n\t\t\t<div class=\"elementor-widget-wrap elementor-element-populated\">\n\t\t\t\t\t\t\t\t<div class=\"elementor-element elementor-element-430f06c elementor-widget elementor-widget-text-editor\" data-id=\"430f06c\" data-element_type=\"widget\" data-widget_type=\"text-editor.default\">\n\t\t\t\t<div class=\"elementor-widget-container\">\n\t\t\t\t\t\t\t<p style=\"text-align: center;\"><strong><em>Pour toute demande de prestation veillez \u00e0 nous pr\u00e9ciser la date de l&rsquo;\u00e9v\u00e8nement, le lieu (\u00e9quip\u00e9 d&rsquo;une cuisine ou non),<br \/><\/em><\/strong><strong><em>le nombre de convives attendu et le type de proposition souhait\u00e9 <\/em><em>(service \u00e0 l&rsquo;assiette, buffet)<\/em><\/strong><\/p><h5 style=\"text-align: center;\"><strong><em>popupvegetal @ outlook.com<\/em><\/strong><\/h5>\t\t\t\t\t\t<\/div>\n\t\t\t\t<\/div>\n\t\t\t\t\t<\/div>\n\t\t<\/div>\n\t\t\t\t\t\t\t<\/div>\n\t\t<\/section>\n\t\t\t\t<section class=\"elementor-section elementor-top-section elementor-element elementor-element-23ba4cb elementor-section-boxed elementor-section-height-default elementor-section-height-default\" data-id=\"23ba4cb\" data-element_type=\"section\">\n\t\t\t\t\t\t<div class=\"elementor-container elementor-column-gap-default\">\n\t\t\t\t\t<div class=\"elementor-column elementor-col-100 elementor-top-column elementor-element elementor-element-a7cc4bb\" data-id=\"a7cc4bb\" data-element_type=\"column\">\n\t\t\t<div class=\"elementor-widget-wrap elementor-element-populated\">\n\t\t\t\t\t\t\t\t<div class=\"elementor-element elementor-element-7403805 gallery-spacing-custom elementor-widget elementor-widget-image-gallery\" data-id=\"7403805\" data-element_type=\"widget\" data-widget_type=\"image-gallery.default\">\n\t\t\t\t<div class=\"elementor-widget-container\">\n\t\t\t\t\t<div class=\"elementor-image-gallery\">\n\t\t\t\n\t\t\t<style type='text\/css'>\n\t\t\t\t#gallery-1 {\n\t\t\t\t\tmargin: auto;\n\t\t\t\t}\n\t\t\t\t#gallery-1 .gallery-item {\n\t\t\t\t\tfloat: left;\n\t\t\t\t\tmargin-top: 10px;\n\t\t\t\t\ttext-align: center;\n\t\t\t\t\twidth: 25%;\n\t\t\t\t}\n\t\t\t\t#gallery-1 img {\n\t\t\t\t\tborder: 2px solid #cfcfcf;\n\t\t\t\t}\n\t\t\t\t#gallery-1 .gallery-caption {\n\t\t\t\t\tmargin-left: 0;\n\t\t\t\t}\n\t\t\t\t\/* see gallery_shortcode() in wp-includes\/media.php *\/\n\t\t\t<\/style>\n\t\t<div id='gallery-1' class='dt-gallery-container gallery galleryid-56 gallery-columns-4 gallery-size-medium'><dl class='gallery-item'>\n\t\t\t\t<dt class='gallery-icon portrait'>\n\t\t\t\t\t<a class=\"rollover rollover-zoom\" title=\"\"data-elementor-open-lightbox=\"yes\" data-elementor-lightbox-slideshow=\"7403805\" data-elementor-lightbox-title=\"DSC06974\" e-action-hash=\"#elementor-action%3Aaction%3Dlightbox%26settings%3DeyJpZCI6MjM0MCwidXJsIjoiaHR0cHM6XC9cL2xlZ3VtaXN0ZXMuY29tXC93cC1jb250ZW50XC91cGxvYWRzXC8yMDI0XC8wNFwvRFNDMDY5NzQuanBnIiwic2xpZGVzaG93IjoiNzQwMzgwNSJ9\" href='https:\/\/legumistes.com\/wp-content\/uploads\/2024\/04\/DSC06974.jpg'><img loading=\"lazy\" decoding=\"async\" width=\"200\" height=\"300\" src=\"https:\/\/legumistes.com\/wp-content\/uploads\/2024\/04\/DSC06974-200x300.jpg\" class=\"attachment-medium size-medium\" alt=\"\" srcset=\"https:\/\/legumistes.com\/wp-content\/uploads\/2024\/04\/DSC06974-200x300.jpg 200w, https:\/\/legumistes.com\/wp-content\/uploads\/2024\/04\/DSC06974-684x1024.jpg 684w, https:\/\/legumistes.com\/wp-content\/uploads\/2024\/04\/DSC06974-768x1149.jpg 768w, https:\/\/legumistes.com\/wp-content\/uploads\/2024\/04\/DSC06974-1027x1536.jpg 1027w, https:\/\/legumistes.com\/wp-content\/uploads\/2024\/04\/DSC06974.jpg 1080w\" sizes=\"auto, (max-width: 200px) 100vw, 200px\" \/><\/a>\n\t\t\t\t<\/dt><\/dl><dl class='gallery-item'>\n\t\t\t\t<dt class='gallery-icon portrait'>\n\t\t\t\t\t<a class=\"rollover rollover-zoom\" title=\"\"data-elementor-open-lightbox=\"yes\" data-elementor-lightbox-slideshow=\"7403805\" data-elementor-lightbox-title=\"DSC07042\" e-action-hash=\"#elementor-action%3Aaction%3Dlightbox%26settings%3DeyJpZCI6MjM0MSwidXJsIjoiaHR0cHM6XC9cL2xlZ3VtaXN0ZXMuY29tXC93cC1jb250ZW50XC91cGxvYWRzXC8yMDI0XC8wNFwvRFNDMDcwNDIuanBnIiwic2xpZGVzaG93IjoiNzQwMzgwNSJ9\" href='https:\/\/legumistes.com\/wp-content\/uploads\/2024\/04\/DSC07042.jpg'><img loading=\"lazy\" decoding=\"async\" width=\"201\" height=\"300\" src=\"https:\/\/legumistes.com\/wp-content\/uploads\/2024\/04\/DSC07042-201x300.jpg\" class=\"attachment-medium size-medium\" alt=\"\" srcset=\"https:\/\/legumistes.com\/wp-content\/uploads\/2024\/04\/DSC07042-201x300.jpg 201w, https:\/\/legumistes.com\/wp-content\/uploads\/2024\/04\/DSC07042-684x1024.jpg 684w, https:\/\/legumistes.com\/wp-content\/uploads\/2024\/04\/DSC07042-768x1149.jpg 768w, https:\/\/legumistes.com\/wp-content\/uploads\/2024\/04\/DSC07042-1027x1536.jpg 1027w, https:\/\/legumistes.com\/wp-content\/uploads\/2024\/04\/DSC07042.jpg 1052w\" sizes=\"auto, (max-width: 201px) 100vw, 201px\" \/><\/a>\n\t\t\t\t<\/dt><\/dl><dl class='gallery-item'>\n\t\t\t\t<dt class='gallery-icon portrait'>\n\t\t\t\t\t<a class=\"rollover rollover-zoom\" title=\"\"data-elementor-open-lightbox=\"yes\" data-elementor-lightbox-slideshow=\"7403805\" data-elementor-lightbox-title=\"DSC05350\" e-action-hash=\"#elementor-action%3Aaction%3Dlightbox%26settings%3DeyJpZCI6MjMzOCwidXJsIjoiaHR0cHM6XC9cL2xlZ3VtaXN0ZXMuY29tXC93cC1jb250ZW50XC91cGxvYWRzXC8yMDI0XC8wNFwvRFNDMDUzNTAuanBnIiwic2xpZGVzaG93IjoiNzQwMzgwNSJ9\" href='https:\/\/legumistes.com\/wp-content\/uploads\/2024\/04\/DSC05350.jpg'><img loading=\"lazy\" decoding=\"async\" width=\"200\" height=\"300\" src=\"https:\/\/legumistes.com\/wp-content\/uploads\/2024\/04\/DSC05350-200x300.jpg\" class=\"attachment-medium size-medium\" alt=\"\" srcset=\"https:\/\/legumistes.com\/wp-content\/uploads\/2024\/04\/DSC05350-200x300.jpg 200w, https:\/\/legumistes.com\/wp-content\/uploads\/2024\/04\/DSC05350-684x1024.jpg 684w, https:\/\/legumistes.com\/wp-content\/uploads\/2024\/04\/DSC05350-768x1150.jpg 768w, https:\/\/legumistes.com\/wp-content\/uploads\/2024\/04\/DSC05350-1026x1536.jpg 1026w, https:\/\/legumistes.com\/wp-content\/uploads\/2024\/04\/DSC05350.jpg 1068w\" sizes=\"auto, (max-width: 200px) 100vw, 200px\" \/><\/a>\n\t\t\t\t<\/dt><\/dl><dl class='gallery-item'>\n\t\t\t\t<dt class='gallery-icon portrait'>\n\t\t\t\t\t<a class=\"rollover rollover-zoom\" title=\"\"data-elementor-open-lightbox=\"yes\" data-elementor-lightbox-slideshow=\"7403805\" data-elementor-lightbox-title=\"DSC07337\" e-action-hash=\"#elementor-action%3Aaction%3Dlightbox%26settings%3DeyJpZCI6MjM0NiwidXJsIjoiaHR0cHM6XC9cL2xlZ3VtaXN0ZXMuY29tXC93cC1jb250ZW50XC91cGxvYWRzXC8yMDI0XC8wNFwvRFNDMDczMzcuanBnIiwic2xpZGVzaG93IjoiNzQwMzgwNSJ9\" href='https:\/\/legumistes.com\/wp-content\/uploads\/2024\/04\/DSC07337.jpg'><img loading=\"lazy\" decoding=\"async\" width=\"200\" height=\"300\" src=\"https:\/\/legumistes.com\/wp-content\/uploads\/2024\/04\/DSC07337-200x300.jpg\" class=\"attachment-medium size-medium\" alt=\"\" srcset=\"https:\/\/legumistes.com\/wp-content\/uploads\/2024\/04\/DSC07337-200x300.jpg 200w, https:\/\/legumistes.com\/wp-content\/uploads\/2024\/04\/DSC07337-684x1024.jpg 684w, https:\/\/legumistes.com\/wp-content\/uploads\/2024\/04\/DSC07337-768x1150.jpg 768w, https:\/\/legumistes.com\/wp-content\/uploads\/2024\/04\/DSC07337.jpg 950w\" sizes=\"auto, (max-width: 200px) 100vw, 200px\" \/><\/a>\n\t\t\t\t<\/dt><\/dl><br style=\"clear: both\" \/><dl class='gallery-item'>\n\t\t\t\t<dt class='gallery-icon portrait'>\n\t\t\t\t\t<a class=\"rollover rollover-zoom\" title=\"\"data-elementor-open-lightbox=\"yes\" data-elementor-lightbox-slideshow=\"7403805\" data-elementor-lightbox-title=\"DSC07066\" e-action-hash=\"#elementor-action%3Aaction%3Dlightbox%26settings%3DeyJpZCI6MjM0MiwidXJsIjoiaHR0cHM6XC9cL2xlZ3VtaXN0ZXMuY29tXC93cC1jb250ZW50XC91cGxvYWRzXC8yMDI0XC8wNFwvRFNDMDcwNjYuanBnIiwic2xpZGVzaG93IjoiNzQwMzgwNSJ9\" href='https:\/\/legumistes.com\/wp-content\/uploads\/2024\/04\/DSC07066.jpg'><img loading=\"lazy\" decoding=\"async\" width=\"201\" height=\"300\" src=\"https:\/\/legumistes.com\/wp-content\/uploads\/2024\/04\/DSC07066-201x300.jpg\" class=\"attachment-medium size-medium\" alt=\"\" srcset=\"https:\/\/legumistes.com\/wp-content\/uploads\/2024\/04\/DSC07066-201x300.jpg 201w, https:\/\/legumistes.com\/wp-content\/uploads\/2024\/04\/DSC07066-684x1024.jpg 684w, https:\/\/legumistes.com\/wp-content\/uploads\/2024\/04\/DSC07066-768x1149.jpg 768w, https:\/\/legumistes.com\/wp-content\/uploads\/2024\/04\/DSC07066-1027x1536.jpg 1027w, https:\/\/legumistes.com\/wp-content\/uploads\/2024\/04\/DSC07066.jpg 1066w\" sizes=\"auto, (max-width: 201px) 100vw, 201px\" \/><\/a>\n\t\t\t\t<\/dt><\/dl><dl class='gallery-item'>\n\t\t\t\t<dt class='gallery-icon portrait'>\n\t\t\t\t\t<a class=\"rollover rollover-zoom\" title=\"\"data-elementor-open-lightbox=\"yes\" data-elementor-lightbox-slideshow=\"7403805\" data-elementor-lightbox-title=\"DSC06478\" e-action-hash=\"#elementor-action%3Aaction%3Dlightbox%26settings%3DeyJpZCI6MjMzOSwidXJsIjoiaHR0cHM6XC9cL2xlZ3VtaXN0ZXMuY29tXC93cC1jb250ZW50XC91cGxvYWRzXC8yMDI0XC8wNFwvRFNDMDY0NzguanBnIiwic2xpZGVzaG93IjoiNzQwMzgwNSJ9\" href='https:\/\/legumistes.com\/wp-content\/uploads\/2024\/04\/DSC06478.jpg'><img loading=\"lazy\" decoding=\"async\" width=\"200\" height=\"300\" src=\"https:\/\/legumistes.com\/wp-content\/uploads\/2024\/04\/DSC06478-200x300.jpg\" class=\"attachment-medium size-medium\" alt=\"\" srcset=\"https:\/\/legumistes.com\/wp-content\/uploads\/2024\/04\/DSC06478-200x300.jpg 200w, https:\/\/legumistes.com\/wp-content\/uploads\/2024\/04\/DSC06478-684x1024.jpg 684w, https:\/\/legumistes.com\/wp-content\/uploads\/2024\/04\/DSC06478-768x1149.jpg 768w, https:\/\/legumistes.com\/wp-content\/uploads\/2024\/04\/DSC06478-1027x1536.jpg 1027w, https:\/\/legumistes.com\/wp-content\/uploads\/2024\/04\/DSC06478.jpg 1080w\" sizes=\"auto, (max-width: 200px) 100vw, 200px\" \/><\/a>\n\t\t\t\t<\/dt><\/dl><dl class='gallery-item'>\n\t\t\t\t<dt class='gallery-icon portrait'>\n\t\t\t\t\t<a class=\"rollover rollover-zoom\" title=\"\"data-elementor-open-lightbox=\"yes\" data-elementor-lightbox-slideshow=\"7403805\" data-elementor-lightbox-title=\"PHOTO-2023-11-03-15-58-07_15\" e-action-hash=\"#elementor-action%3Aaction%3Dlightbox%26settings%3DeyJpZCI6MjI3NiwidXJsIjoiaHR0cHM6XC9cL2xlZ3VtaXN0ZXMuY29tXC93cC1jb250ZW50XC91cGxvYWRzXC8yMDIzXC8xMlwvUEhPVE8tMjAyMy0xMS0wMy0xNS01OC0wN18xNS5qcGciLCJzbGlkZXNob3ciOiI3NDAzODA1In0%3D\" href='https:\/\/legumistes.com\/wp-content\/uploads\/2023\/12\/PHOTO-2023-11-03-15-58-07_15.jpg'><img loading=\"lazy\" decoding=\"async\" width=\"200\" height=\"300\" src=\"https:\/\/legumistes.com\/wp-content\/uploads\/2023\/12\/PHOTO-2023-11-03-15-58-07_15-200x300.jpg\" class=\"attachment-medium size-medium\" alt=\"\" srcset=\"https:\/\/legumistes.com\/wp-content\/uploads\/2023\/12\/PHOTO-2023-11-03-15-58-07_15-200x300.jpg 200w, https:\/\/legumistes.com\/wp-content\/uploads\/2023\/12\/PHOTO-2023-11-03-15-58-07_15.jpg 684w\" sizes=\"auto, (max-width: 200px) 100vw, 200px\" \/><\/a>\n\t\t\t\t<\/dt><\/dl><dl class='gallery-item'>\n\t\t\t\t<dt class='gallery-icon portrait'>\n\t\t\t\t\t<a class=\"rollover rollover-zoom\" title=\"\"data-elementor-open-lightbox=\"yes\" data-elementor-lightbox-slideshow=\"7403805\" data-elementor-lightbox-title=\"DSC07364\" e-action-hash=\"#elementor-action%3Aaction%3Dlightbox%26settings%3DeyJpZCI6MjM0NywidXJsIjoiaHR0cHM6XC9cL2xlZ3VtaXN0ZXMuY29tXC93cC1jb250ZW50XC91cGxvYWRzXC8yMDI0XC8wNFwvRFNDMDczNjQuanBnIiwic2xpZGVzaG93IjoiNzQwMzgwNSJ9\" href='https:\/\/legumistes.com\/wp-content\/uploads\/2024\/04\/DSC07364.jpg'><img loading=\"lazy\" decoding=\"async\" width=\"200\" height=\"300\" src=\"https:\/\/legumistes.com\/wp-content\/uploads\/2024\/04\/DSC07364-200x300.jpg\" class=\"attachment-medium size-medium\" alt=\"\" srcset=\"https:\/\/legumistes.com\/wp-content\/uploads\/2024\/04\/DSC07364-200x300.jpg 200w, https:\/\/legumistes.com\/wp-content\/uploads\/2024\/04\/DSC07364-684x1024.jpg 684w, https:\/\/legumistes.com\/wp-content\/uploads\/2024\/04\/DSC07364-768x1149.jpg 768w, https:\/\/legumistes.com\/wp-content\/uploads\/2024\/04\/DSC07364-1027x1536.jpg 1027w, https:\/\/legumistes.com\/wp-content\/uploads\/2024\/04\/DSC07364.jpg 1080w\" sizes=\"auto, (max-width: 200px) 100vw, 200px\" \/><\/a>\n\t\t\t\t<\/dt><\/dl><br style=\"clear: both\" \/>\n\t\t\t<\/div>\n\t\t<\/div>\n\t\t\t\t<\/div>\n\t\t\t\t<\/div>\n\t\t\t\t\t<\/div>\n\t\t<\/div>\n\t\t\t\t\t\t\t<\/div>\n\t\t<\/section>\n\t\t\t\t\t\t\t<\/div>\n\t\t","protected":false},"excerpt":{"rendered":"<p>Pour toute demande de prestation veillez \u00e0 nous pr\u00e9ciser la date de l&rsquo;\u00e9v\u00e8nement, le lieu (\u00e9quip\u00e9 d&rsquo;une cuisine ou non),le nombre de convives attendu et le type de proposition souhait\u00e9 (service \u00e0 l&rsquo;assiette, buffet) popupvegetal @ outlook.com<\/p>\n","protected":false},"author":1,"featured_media":0,"parent":0,"menu_order":5,"comment_status":"closed","ping_status":"closed","template":"","meta":{"footnotes":""},"class_list":["post-56","page","type-page","status-publish","hentry"],"_links":{"self":[{"href":"https:\/\/legumistes.com\/index.php\/wp-json\/wp\/v2\/pages\/56","targetHints":{"allow":["GET"]}}],"collection":[{"href":"https:\/\/legumistes.com\/index.php\/wp-json\/wp\/v2\/pages"}],"about":[{"href":"https:\/\/legumistes.com\/index.php\/wp-json\/wp\/v2\/types\/page"}],"author":[{"embeddable":true,"href":"https:\/\/legumistes.com\/index.php\/wp-json\/wp\/v2\/users\/1"}],"replies":[{"embeddable":true,"href":"https:\/\/legumistes.com\/index.php\/wp-json\/wp\/v2\/comments?post=56"}],"version-history":[{"count":32,"href":"https:\/\/legumistes.com\/index.php\/wp-json\/wp\/v2\/pages\/56\/revisions"}],"predecessor-version":[{"id":2364,"href":"https:\/\/legumistes.com\/index.php\/wp-json\/wp\/v2\/pages\/56\/revisions\/2364"}],"wp:attachment":[{"href":"https:\/\/legumistes.com\/index.php\/wp-json\/wp\/v2\/media?parent=56"}],"curies":[{"name":"wp","href":"https:\/\/api.w.org\/{rel}","templated":true}]}}