{"id":33,"date":"2016-07-12T14:22:14","date_gmt":"2016-07-12T13:22:14","guid":{"rendered":"https:\/\/the7.io\/restaurant\/?page_id=33"},"modified":"2025-02-08T11:37:58","modified_gmt":"2025-02-08T10:37:58","slug":"about-us","status":"publish","type":"page","link":"https:\/\/legumistes.com\/index.php\/about-us\/","title":{"rendered":"A  propos"},"content":{"rendered":"\t\t<div data-elementor-type=\"wp-page\" data-elementor-id=\"33\" class=\"elementor elementor-33\">\n\t\t\t\t\t\t\t\t\t<section class=\"elementor-section elementor-top-section elementor-element elementor-element-8de6048 elementor-section-boxed elementor-section-height-default elementor-section-height-default\" data-id=\"8de6048\" data-element_type=\"section\">\n\t\t\t\t\t\t<div class=\"elementor-container elementor-column-gap-default\">\n\t\t\t\t\t<div class=\"elementor-column elementor-col-100 elementor-top-column elementor-element elementor-element-ecb7192\" data-id=\"ecb7192\" data-element_type=\"column\">\n\t\t\t<div class=\"elementor-widget-wrap elementor-element-populated\">\n\t\t\t\t\t\t\t\t<div class=\"elementor-element elementor-element-68dea21 elementor-widget elementor-widget-image\" data-id=\"68dea21\" data-element_type=\"widget\" data-widget_type=\"image.default\">\n\t\t\t\t<div class=\"elementor-widget-container\">\n\t\t\t\t\t\t\t\t\t\t\t\t\t\t\t<img loading=\"lazy\" decoding=\"async\" width=\"1024\" height=\"683\" src=\"https:\/\/legumistes.com\/wp-content\/uploads\/2022\/03\/IMG_6815-2.jpg\" class=\"attachment-large size-large wp-image-1450\" alt=\"\" srcset=\"https:\/\/legumistes.com\/wp-content\/uploads\/2022\/03\/IMG_6815-2.jpg 1024w, https:\/\/legumistes.com\/wp-content\/uploads\/2022\/03\/IMG_6815-2-300x200.jpg 300w, https:\/\/legumistes.com\/wp-content\/uploads\/2022\/03\/IMG_6815-2-768x512.jpg 768w\" sizes=\"auto, (max-width: 1024px) 100vw, 1024px\" \/>\t\t\t\t\t\t\t\t\t\t\t\t\t\t\t<\/div>\n\t\t\t\t<\/div>\n\t\t\t\t\t<\/div>\n\t\t<\/div>\n\t\t\t\t\t\t\t<\/div>\n\t\t<\/section>\n\t\t\t\t<section class=\"elementor-section elementor-top-section elementor-element elementor-element-db3b672 elementor-section-boxed elementor-section-height-default elementor-section-height-default\" data-id=\"db3b672\" data-element_type=\"section\">\n\t\t\t\t\t\t<div class=\"elementor-container elementor-column-gap-default\">\n\t\t\t\t\t<div class=\"elementor-column elementor-col-100 elementor-top-column elementor-element elementor-element-9cbc2ae\" data-id=\"9cbc2ae\" data-element_type=\"column\">\n\t\t\t<div class=\"elementor-widget-wrap elementor-element-populated\">\n\t\t\t\t\t\t\t\t<div class=\"elementor-element elementor-element-9d1335b elementor-widget elementor-widget-spacer\" data-id=\"9d1335b\" data-element_type=\"widget\" data-widget_type=\"spacer.default\">\n\t\t\t\t<div class=\"elementor-widget-container\">\n\t\t\t\t\t<div class=\"elementor-spacer\">\n\t\t\t<div class=\"elementor-spacer-inner\"><\/div>\n\t\t<\/div>\n\t\t\t\t<\/div>\n\t\t\t\t<\/div>\n\t\t\t\t\t<\/div>\n\t\t<\/div>\n\t\t\t\t\t\t\t<\/div>\n\t\t<\/section>\n\t\t\t\t<section class=\"elementor-section elementor-top-section elementor-element elementor-element-3d83471 elementor-section-boxed elementor-section-height-default elementor-section-height-default\" data-id=\"3d83471\" data-element_type=\"section\">\n\t\t\t\t\t\t<div class=\"elementor-container elementor-column-gap-default\">\n\t\t\t\t\t<div class=\"elementor-column elementor-col-33 elementor-top-column elementor-element elementor-element-49b5e68\" data-id=\"49b5e68\" data-element_type=\"column\">\n\t\t\t<div class=\"elementor-widget-wrap elementor-element-populated\">\n\t\t\t\t\t\t\t\t<div class=\"elementor-element elementor-element-f317b09 elementor-widget elementor-widget-text-editor\" data-id=\"f317b09\" data-element_type=\"widget\" data-widget_type=\"text-editor.default\">\n\t\t\t\t<div class=\"elementor-widget-container\">\n\t\t\t\t\t\t\t<p><strong>Pop Up V\u00e9g\u00e9tal<\/strong> est n\u00e9 en 2018 d\u2019une rencontre gourmande et joyeuse.\u00a0<\/p><p>Passionn\u00e9es de cuisine saine et v\u00e9g\u00e9tale, sensibles \u00e0 l\u2019Ecologie animale, environnementale et humaine, nous avons \u00e0 c\u0153ur de transmettre nos valeurs \u00e0 travers une cuisine v\u00e9g\u00e9tale tourn\u00e9e vers l&rsquo;agriculture durable et la saisonnalit\u00e9.<\/p><p>Cheffes ind\u00e9pendantes et nomades, nous cuisinons \u00e0 quatre mains et investissons des lieux remarquables et insolites, autour de tables conviviales et raffin\u00e9es. Notre cuisine chemine de tables \u00e9ph\u00e9m\u00e8res, en r\u00e9sidences culinaires, et lors d&rsquo;accompagnements de s\u00e9jours et de s\u00e9minaires.<\/p><p>\u00a0<\/p>\t\t\t\t\t\t<\/div>\n\t\t\t\t<\/div>\n\t\t\t\t\t<\/div>\n\t\t<\/div>\n\t\t\t\t<div class=\"elementor-column elementor-col-33 elementor-top-column elementor-element elementor-element-0dc6e4f\" data-id=\"0dc6e4f\" data-element_type=\"column\">\n\t\t\t<div class=\"elementor-widget-wrap elementor-element-populated\">\n\t\t\t\t\t\t\t\t<div class=\"elementor-element elementor-element-eb8effa elementor-widget elementor-widget-text-editor\" data-id=\"eb8effa\" data-element_type=\"widget\" data-widget_type=\"text-editor.default\">\n\t\t\t\t<div class=\"elementor-widget-container\">\n\t\t\t\t\t\t\t<div>Conscientes que de grands discours sont parfois insuffisants pour faire \u00e9voluer les mentalit\u00e9s, c\u2019est par la cr\u00e9ativit\u00e9, l\u2019initiation et le plaisir des sens \u2013 observer, toucher, sentir, go\u00fbter et vibrer \u2013 que nous instillons avec douceur et conviction notre inclinaison pour une forme nouvelle d\u2019alimentation.<\/div><div><div>\u00a0<\/div><div>En septembre 2020, nous avons rejoint l\u2019\u00e9cole de formation professionnelle\u00a0 \u00ab\u00a0<a href=\"https:\/\/www.vertlatable.fr\/\" target=\"_blank\" rel=\"noopener\">Vert La Table\u00a0\u00bb<\/a>\u00a0\u00e0 Roquevaire <em>( \u00e9cole de cuisine v\u00e9g\u00e9tale, biologique, saine et sans allerg\u00e8ne ) <\/em>au sein de laquelle nous intervenons chaque mois.<\/div><div>Parall\u00e8lement nous proposons des <a href=\"https:\/\/popupvegetal.com\/index.php\/m-a-s-t-e-r-c-l-a-s-s-p-l-a-t-i-n-g\/\" target=\"_blank\" rel=\"noopener\">Masterclass<\/a> et <a href=\"https:\/\/popupvegetal.com\/index.php\/workshop-chef-nomade\/\" target=\"_blank\" rel=\"noopener\">Workshop <\/a>sur des th\u00e9matiques sp\u00e9cifiques ( plating, chef nomade, &#8230;)<\/div><\/div><div>\u00a0<\/div>\t\t\t\t\t\t<\/div>\n\t\t\t\t<\/div>\n\t\t\t\t\t<\/div>\n\t\t<\/div>\n\t\t\t\t<div class=\"elementor-column elementor-col-33 elementor-top-column elementor-element elementor-element-238632c\" data-id=\"238632c\" data-element_type=\"column\">\n\t\t\t<div class=\"elementor-widget-wrap elementor-element-populated\">\n\t\t\t\t\t\t\t\t<div class=\"elementor-element elementor-element-a0e8b5d elementor-widget elementor-widget-text-editor\" data-id=\"a0e8b5d\" data-element_type=\"widget\" data-widget_type=\"text-editor.default\">\n\t\t\t\t<div class=\"elementor-widget-container\">\n\t\t\t\t\t\t\t<div>La pluralit\u00e9 de ces exp\u00e9riences nous a conduit \u00e0 d\u00e9velopper des missions de conseils et d&rsquo;accompagnements individuels aupr\u00e8s de professionnels de la restauration et d&rsquo;entreprises engag\u00e9es.<\/div><div>\u00a0<\/div><div>Retrouvez toute notre actualit\u00e9 via instagram :<\/div><div><a href=\"https:\/\/www.instagram.com\/legumistes\/\" target=\"_blank\" rel=\"noopener\">@<\/a>legumistes<\/div><div>\u00a0 \u00a0 \u00a0 \u00a0 \u00a0 \u00a0 \u00a0 \u00a0 \u00a0\u00a0<\/div>\t\t\t\t\t\t<\/div>\n\t\t\t\t<\/div>\n\t\t\t\t\t<\/div>\n\t\t<\/div>\n\t\t\t\t\t\t\t<\/div>\n\t\t<\/section>\n\t\t\t\t<section class=\"elementor-section elementor-top-section elementor-element elementor-element-12daac2 elementor-section-boxed elementor-section-height-default elementor-section-height-default\" data-id=\"12daac2\" data-element_type=\"section\">\n\t\t\t\t\t\t<div class=\"elementor-container elementor-column-gap-default\">\n\t\t\t\t\t<div class=\"elementor-column elementor-col-100 elementor-top-column elementor-element elementor-element-5adf7e0\" data-id=\"5adf7e0\" data-element_type=\"column\">\n\t\t\t<div class=\"elementor-widget-wrap elementor-element-populated\">\n\t\t\t\t\t\t\t\t<div class=\"elementor-element elementor-element-5af6842 elementor-widget elementor-widget-text-editor\" data-id=\"5af6842\" data-element_type=\"widget\" data-widget_type=\"text-editor.default\">\n\t\t\t\t<div class=\"elementor-widget-container\">\n\t\t\t\t\t\t\t<p>Julienne\u00a0<a href=\"https:\/\/www.instagram.com\/julesetgreen\/?hl=fr\" target=\"_blank\" rel=\"noopener\">@julesetgreen<\/a>\u00a0&amp; Ariane\u00a0<a href=\"https:\/\/www.instagram.com\/ariane_roques\/?hl=fr\" target=\"_blank\" rel=\"noopener\">@arianeroques<\/a><\/p>\t\t\t\t\t\t<\/div>\n\t\t\t\t<\/div>\n\t\t\t\t\t<\/div>\n\t\t<\/div>\n\t\t\t\t\t\t\t<\/div>\n\t\t<\/section>\n\t\t\t\t<section class=\"elementor-section elementor-top-section elementor-element elementor-element-42643a5 elementor-section-boxed elementor-section-height-default elementor-section-height-default\" data-id=\"42643a5\" data-element_type=\"section\">\n\t\t\t\t\t\t<div class=\"elementor-container elementor-column-gap-default\">\n\t\t\t\t\t<div class=\"elementor-column elementor-col-100 elementor-top-column elementor-element elementor-element-9e88a6d\" data-id=\"9e88a6d\" data-element_type=\"column\">\n\t\t\t<div class=\"elementor-widget-wrap elementor-element-populated\">\n\t\t\t\t\t\t\t\t<div class=\"elementor-element elementor-element-0463bdb elementor-widget elementor-widget-image\" data-id=\"0463bdb\" data-element_type=\"widget\" data-widget_type=\"image.default\">\n\t\t\t\t<div class=\"elementor-widget-container\">\n\t\t\t\t\t\t\t\t\t\t\t\t\t\t\t<img loading=\"lazy\" decoding=\"async\" width=\"526\" height=\"222\" src=\"https:\/\/legumistes.com\/wp-content\/uploads\/2022\/03\/Logo-Pop-Up-nouveau-vert.png\" class=\"attachment-large size-large wp-image-1486\" alt=\"\" srcset=\"https:\/\/legumistes.com\/wp-content\/uploads\/2022\/03\/Logo-Pop-Up-nouveau-vert.png 526w, https:\/\/legumistes.com\/wp-content\/uploads\/2022\/03\/Logo-Pop-Up-nouveau-vert-300x127.png 300w\" sizes=\"auto, (max-width: 526px) 100vw, 526px\" \/>\t\t\t\t\t\t\t\t\t\t\t\t\t\t\t<\/div>\n\t\t\t\t<\/div>\n\t\t\t\t\t<\/div>\n\t\t<\/div>\n\t\t\t\t\t\t\t<\/div>\n\t\t<\/section>\n\t\t\t\t\t\t\t<\/div>\n\t\t","protected":false},"excerpt":{"rendered":"<p>Pop Up V\u00e9g\u00e9tal est n\u00e9 en 2018 d\u2019une rencontre gourmande et joyeuse.\u00a0 Passionn\u00e9es de cuisine saine et v\u00e9g\u00e9tale, sensibles \u00e0 l\u2019Ecologie animale, environnementale et humaine, nous avons \u00e0 c\u0153ur de transmettre nos valeurs \u00e0 travers une cuisine v\u00e9g\u00e9tale tourn\u00e9e vers l&rsquo;agriculture durable et la saisonnalit\u00e9. Cheffes ind\u00e9pendantes et nomades, nous cuisinons \u00e0 quatre mains et&hellip;<\/p>\n","protected":false},"author":1,"featured_media":0,"parent":0,"menu_order":1,"comment_status":"closed","ping_status":"closed","template":"","meta":{"footnotes":""},"class_list":["post-33","page","type-page","status-publish","hentry"],"_links":{"self":[{"href":"https:\/\/legumistes.com\/index.php\/wp-json\/wp\/v2\/pages\/33","targetHints":{"allow":["GET"]}}],"collection":[{"href":"https:\/\/legumistes.com\/index.php\/wp-json\/wp\/v2\/pages"}],"about":[{"href":"https:\/\/legumistes.com\/index.php\/wp-json\/wp\/v2\/types\/page"}],"author":[{"embeddable":true,"href":"https:\/\/legumistes.com\/index.php\/wp-json\/wp\/v2\/users\/1"}],"replies":[{"embeddable":true,"href":"https:\/\/legumistes.com\/index.php\/wp-json\/wp\/v2\/comments?post=33"}],"version-history":[{"count":83,"href":"https:\/\/legumistes.com\/index.php\/wp-json\/wp\/v2\/pages\/33\/revisions"}],"predecessor-version":[{"id":2457,"href":"https:\/\/legumistes.com\/index.php\/wp-json\/wp\/v2\/pages\/33\/revisions\/2457"}],"wp:attachment":[{"href":"https:\/\/legumistes.com\/index.php\/wp-json\/wp\/v2\/media?parent=33"}],"curies":[{"name":"wp","href":"https:\/\/api.w.org\/{rel}","templated":true}]}}