{"id":2022,"date":"2023-07-29T17:02:58","date_gmt":"2023-07-29T15:02:58","guid":{"rendered":"https:\/\/popupvegetal.com\/?page_id=2022"},"modified":"2024-04-01T10:16:53","modified_gmt":"2024-04-01T08:16:53","slug":"m-a-s-t-e-r-c-l-a-s-s-p-l-a-t-i-n-g","status":"publish","type":"page","link":"https:\/\/legumistes.com\/index.php\/m-a-s-t-e-r-c-l-a-s-s-p-l-a-t-i-n-g\/","title":{"rendered":"M A S T E R C L A S S"},"content":{"rendered":"\t\t<div data-elementor-type=\"wp-page\" data-elementor-id=\"2022\" class=\"elementor elementor-2022\">\n\t\t\t\t\t\t\t\t\t<section class=\"elementor-section elementor-top-section elementor-element elementor-element-d5c76be elementor-section-boxed elementor-section-height-default elementor-section-height-default\" data-id=\"d5c76be\" data-element_type=\"section\">\n\t\t\t\t\t\t<div class=\"elementor-container elementor-column-gap-default\">\n\t\t\t\t\t<div class=\"elementor-column elementor-col-100 elementor-top-column elementor-element elementor-element-86eee1c\" data-id=\"86eee1c\" data-element_type=\"column\">\n\t\t\t<div class=\"elementor-widget-wrap elementor-element-populated\">\n\t\t\t\t\t\t\t\t<div class=\"elementor-element elementor-element-f5ab546 gallery-spacing-custom elementor-widget elementor-widget-image-gallery\" data-id=\"f5ab546\" data-element_type=\"widget\" data-widget_type=\"image-gallery.default\">\n\t\t\t\t<div class=\"elementor-widget-container\">\n\t\t\t\t\t<div class=\"elementor-image-gallery\">\n\t\t\t\n\t\t\t<style type='text\/css'>\n\t\t\t\t#gallery-1 {\n\t\t\t\t\tmargin: auto;\n\t\t\t\t}\n\t\t\t\t#gallery-1 .gallery-item {\n\t\t\t\t\tfloat: left;\n\t\t\t\t\tmargin-top: 10px;\n\t\t\t\t\ttext-align: center;\n\t\t\t\t\twidth: 25%;\n\t\t\t\t}\n\t\t\t\t#gallery-1 img {\n\t\t\t\t\tborder: 2px solid #cfcfcf;\n\t\t\t\t}\n\t\t\t\t#gallery-1 .gallery-caption {\n\t\t\t\t\tmargin-left: 0;\n\t\t\t\t}\n\t\t\t\t\/* see gallery_shortcode() in wp-includes\/media.php *\/\n\t\t\t<\/style>\n\t\t<div id='gallery-1' class='dt-gallery-container gallery galleryid-2022 gallery-columns-4 gallery-size-medium'><dl class='gallery-item'>\n\t\t\t\t<dt class='gallery-icon portrait'>\n\t\t\t\t\t<a class=\"rollover rollover-zoom\" title=\"\"data-elementor-open-lightbox=\"yes\" data-elementor-lightbox-slideshow=\"f5ab546\" data-elementor-lightbox-title=\"DSC05554\" e-action-hash=\"#elementor-action%3Aaction%3Dlightbox%26settings%3DeyJpZCI6MjI2NCwidXJsIjoiaHR0cHM6XC9cL2xlZ3VtaXN0ZXMuY29tXC93cC1jb250ZW50XC91cGxvYWRzXC8yMDIzXC8xMlwvRFNDMDU1NTQuanBnIiwic2xpZGVzaG93IjoiZjVhYjU0NiJ9\" href='https:\/\/legumistes.com\/wp-content\/uploads\/2023\/12\/DSC05554.jpg'><img loading=\"lazy\" decoding=\"async\" width=\"200\" height=\"300\" src=\"https:\/\/legumistes.com\/wp-content\/uploads\/2023\/12\/DSC05554-200x300.jpg\" class=\"attachment-medium size-medium\" alt=\"\" srcset=\"https:\/\/legumistes.com\/wp-content\/uploads\/2023\/12\/DSC05554-200x300.jpg 200w, https:\/\/legumistes.com\/wp-content\/uploads\/2023\/12\/DSC05554-684x1024.jpg 684w, https:\/\/legumistes.com\/wp-content\/uploads\/2023\/12\/DSC05554.jpg 686w\" sizes=\"auto, (max-width: 200px) 100vw, 200px\" \/><\/a>\n\t\t\t\t<\/dt><\/dl><dl class='gallery-item'>\n\t\t\t\t<dt class='gallery-icon portrait'>\n\t\t\t\t\t<a class=\"rollover rollover-zoom\" title=\"\"data-elementor-open-lightbox=\"yes\" data-elementor-lightbox-slideshow=\"f5ab546\" data-elementor-lightbox-title=\"DSC05559\" e-action-hash=\"#elementor-action%3Aaction%3Dlightbox%26settings%3DeyJpZCI6MjI2NSwidXJsIjoiaHR0cHM6XC9cL2xlZ3VtaXN0ZXMuY29tXC93cC1jb250ZW50XC91cGxvYWRzXC8yMDIzXC8xMlwvRFNDMDU1NTkuanBnIiwic2xpZGVzaG93IjoiZjVhYjU0NiJ9\" href='https:\/\/legumistes.com\/wp-content\/uploads\/2023\/12\/DSC05559.jpg'><img loading=\"lazy\" decoding=\"async\" width=\"200\" height=\"300\" src=\"https:\/\/legumistes.com\/wp-content\/uploads\/2023\/12\/DSC05559-200x300.jpg\" class=\"attachment-medium size-medium\" alt=\"\" srcset=\"https:\/\/legumistes.com\/wp-content\/uploads\/2023\/12\/DSC05559-200x300.jpg 200w, https:\/\/legumistes.com\/wp-content\/uploads\/2023\/12\/DSC05559-684x1024.jpg 684w, https:\/\/legumistes.com\/wp-content\/uploads\/2023\/12\/DSC05559-768x1149.jpg 768w, https:\/\/legumistes.com\/wp-content\/uploads\/2023\/12\/DSC05559.jpg 1027w\" sizes=\"auto, (max-width: 200px) 100vw, 200px\" \/><\/a>\n\t\t\t\t<\/dt><\/dl><dl class='gallery-item'>\n\t\t\t\t<dt class='gallery-icon portrait'>\n\t\t\t\t\t<a class=\"rollover rollover-zoom\" title=\"\"data-elementor-open-lightbox=\"yes\" data-elementor-lightbox-slideshow=\"f5ab546\" data-elementor-lightbox-title=\"D247DA0E-65F3-4EB2-9CAE-F4C17C80ABF0\" e-action-hash=\"#elementor-action%3Aaction%3Dlightbox%26settings%3DeyJpZCI6MTk4NSwidXJsIjoiaHR0cHM6XC9cL2xlZ3VtaXN0ZXMuY29tXC93cC1jb250ZW50XC91cGxvYWRzXC8yMDIzXC8wN1wvRDI0N0RBMEUtNjVGMy00RUIyLTlDQUUtRjRDMTdDODBBQkYwLmpwZyIsInNsaWRlc2hvdyI6ImY1YWI1NDYifQ%3D%3D\" href='https:\/\/legumistes.com\/wp-content\/uploads\/2023\/07\/D247DA0E-65F3-4EB2-9CAE-F4C17C80ABF0.jpg'><img loading=\"lazy\" decoding=\"async\" width=\"240\" height=\"300\" src=\"https:\/\/legumistes.com\/wp-content\/uploads\/2023\/07\/D247DA0E-65F3-4EB2-9CAE-F4C17C80ABF0-240x300.jpg\" class=\"attachment-medium size-medium\" alt=\"\" srcset=\"https:\/\/legumistes.com\/wp-content\/uploads\/2023\/07\/D247DA0E-65F3-4EB2-9CAE-F4C17C80ABF0-240x300.jpg 240w, https:\/\/legumistes.com\/wp-content\/uploads\/2023\/07\/D247DA0E-65F3-4EB2-9CAE-F4C17C80ABF0-819x1024.jpg 819w, https:\/\/legumistes.com\/wp-content\/uploads\/2023\/07\/D247DA0E-65F3-4EB2-9CAE-F4C17C80ABF0-768x960.jpg 768w, https:\/\/legumistes.com\/wp-content\/uploads\/2023\/07\/D247DA0E-65F3-4EB2-9CAE-F4C17C80ABF0.jpg 1080w\" sizes=\"auto, (max-width: 240px) 100vw, 240px\" \/><\/a>\n\t\t\t\t<\/dt><\/dl><dl class='gallery-item'>\n\t\t\t\t<dt class='gallery-icon portrait'>\n\t\t\t\t\t<a class=\"rollover rollover-zoom\" title=\"\"data-elementor-open-lightbox=\"yes\" data-elementor-lightbox-slideshow=\"f5ab546\" data-elementor-lightbox-title=\"D247DA0E-65F3-4EB2-9CAE-F4C17C80ABF0\" e-action-hash=\"#elementor-action%3Aaction%3Dlightbox%26settings%3DeyJpZCI6MjA5NywidXJsIjoiaHR0cHM6XC9cL2xlZ3VtaXN0ZXMuY29tXC93cC1jb250ZW50XC91cGxvYWRzXC8yMDIzXC8wN1wvRFNDMDMwMjAuanBnIiwic2xpZGVzaG93IjoiZjVhYjU0NiJ9\" href='https:\/\/legumistes.com\/wp-content\/uploads\/2023\/07\/DSC03020.jpg'><img loading=\"lazy\" decoding=\"async\" width=\"201\" height=\"300\" src=\"https:\/\/legumistes.com\/wp-content\/uploads\/2023\/07\/DSC03020-201x300.jpg\" class=\"attachment-medium size-medium\" alt=\"\" srcset=\"https:\/\/legumistes.com\/wp-content\/uploads\/2023\/07\/DSC03020-201x300.jpg 201w, https:\/\/legumistes.com\/wp-content\/uploads\/2023\/07\/DSC03020-685x1024.jpg 685w, https:\/\/legumistes.com\/wp-content\/uploads\/2023\/07\/DSC03020-768x1149.jpg 768w, https:\/\/legumistes.com\/wp-content\/uploads\/2023\/07\/DSC03020.jpg 980w\" sizes=\"auto, (max-width: 201px) 100vw, 201px\" \/><\/a>\n\t\t\t\t<\/dt><\/dl><br style=\"clear: both\" \/>\n\t\t\t<\/div>\n\t\t<\/div>\n\t\t\t\t<\/div>\n\t\t\t\t<\/div>\n\t\t\t\t\t<\/div>\n\t\t<\/div>\n\t\t\t\t\t\t\t<\/div>\n\t\t<\/section>\n\t\t\t\t<section class=\"elementor-section elementor-top-section elementor-element elementor-element-02a129d elementor-section-boxed elementor-section-height-default elementor-section-height-default\" data-id=\"02a129d\" data-element_type=\"section\" data-settings=\"{&quot;background_background&quot;:&quot;classic&quot;}\">\n\t\t\t\t\t\t<div class=\"elementor-container elementor-column-gap-default\">\n\t\t\t\t\t<div class=\"elementor-column elementor-col-50 elementor-top-column elementor-element elementor-element-d71afac\" data-id=\"d71afac\" data-element_type=\"column\">\n\t\t\t<div class=\"elementor-widget-wrap elementor-element-populated\">\n\t\t\t\t\t\t\t\t<div class=\"elementor-element elementor-element-9a4f0cb elementor-widget elementor-widget-image\" data-id=\"9a4f0cb\" data-element_type=\"widget\" data-widget_type=\"image.default\">\n\t\t\t\t<div class=\"elementor-widget-container\">\n\t\t\t\t\t\t\t\t\t\t\t\t\t\t\t<img decoding=\"async\" src=\"https:\/\/legumistes.com\/wp-content\/uploads\/elementor\/thumbs\/PHOTO-2023-11-03-15-58-07_14-qgcqzcuc829tsyaj6s7l9puye0rxlo5nrc16nai48g.jpg\" title=\"PHOTO-2023-11-03-15-58-07_14\" alt=\"PHOTO-2023-11-03-15-58-07_14\" loading=\"lazy\" \/>\t\t\t\t\t\t\t\t\t\t\t\t\t\t\t<\/div>\n\t\t\t\t<\/div>\n\t\t\t\t\t<\/div>\n\t\t<\/div>\n\t\t\t\t<div class=\"elementor-column elementor-col-50 elementor-top-column elementor-element elementor-element-82396bb\" data-id=\"82396bb\" data-element_type=\"column\">\n\t\t\t<div class=\"elementor-widget-wrap elementor-element-populated\">\n\t\t\t\t\t\t\t\t<div class=\"elementor-element elementor-element-b3cd611 elementor-widget elementor-widget-text-editor\" data-id=\"b3cd611\" data-element_type=\"widget\" data-widget_type=\"text-editor.default\">\n\t\t\t\t<div class=\"elementor-widget-container\">\n\t\t\t\t\t\t\t<p style=\"text-align: center;\">Nous proposons r\u00e9guli\u00e8rement des masterclass consacr\u00e9es aux fondamentaux du plating.<\/p><p style=\"text-align: center;\">Ce format s&rsquo;adresse aux professionnels et aux passionn\u00e9s de cuisine qui souhaitent s&rsquo;approprier les techniques de dressage culinaire pour perfectionner la pr\u00e9sentation de leurs plats, approfondir sa pratique et trouver de nouvelles inspirations.<\/p><p style=\"text-align: center;\">Un temps privil\u00e9gi\u00e9 pour aborder l&rsquo;esth\u00e9tisme en cuisine, sublimer ses assiettes, soigner sa table et valoriser sa cuisine.<\/p><p style=\"text-align: center;\">Cette proposition m\u00eale th\u00e9orie et pratique.<\/p><p style=\"text-align: center;\">Prochaines dates \u00e0 venir !<\/p>\t\t\t\t\t\t<\/div>\n\t\t\t\t<\/div>\n\t\t\t\t<div class=\"elementor-element elementor-element-43c4922 elementor-widget elementor-widget-text-editor\" data-id=\"43c4922\" data-element_type=\"widget\" data-widget_type=\"text-editor.default\">\n\t\t\t\t<div class=\"elementor-widget-container\">\n\t\t\t\t\t\t\t\t\t\t\t\t\t<\/div>\n\t\t\t\t<\/div>\n\t\t\t\t\t<\/div>\n\t\t<\/div>\n\t\t\t\t\t\t\t<\/div>\n\t\t<\/section>\n\t\t\t\t<section class=\"elementor-section elementor-top-section elementor-element elementor-element-da36815 elementor-section-boxed elementor-section-height-default elementor-section-height-default\" data-id=\"da36815\" data-element_type=\"section\">\n\t\t\t\t\t\t<div class=\"elementor-container elementor-column-gap-default\">\n\t\t\t\t\t<div class=\"elementor-column elementor-col-50 elementor-top-column elementor-element elementor-element-7943ada\" data-id=\"7943ada\" data-element_type=\"column\">\n\t\t\t<div class=\"elementor-widget-wrap\">\n\t\t\t\t\t\t\t\t\t<\/div>\n\t\t<\/div>\n\t\t\t\t<div class=\"elementor-column elementor-col-50 elementor-top-column elementor-element elementor-element-feeeb90\" data-id=\"feeeb90\" data-element_type=\"column\">\n\t\t\t<div class=\"elementor-widget-wrap\">\n\t\t\t\t\t\t\t\t\t<\/div>\n\t\t<\/div>\n\t\t\t\t\t\t\t<\/div>\n\t\t<\/section>\n\t\t\t\t\t\t\t<\/div>\n\t\t","protected":false},"excerpt":{"rendered":"<p>Nous proposons r\u00e9guli\u00e8rement des masterclass consacr\u00e9es aux fondamentaux du plating. Ce format s&rsquo;adresse aux professionnels et aux passionn\u00e9s de cuisine qui souhaitent s&rsquo;approprier les techniques de dressage culinaire pour perfectionner la pr\u00e9sentation de leurs plats, approfondir sa pratique et trouver de nouvelles inspirations. Un temps privil\u00e9gi\u00e9 pour aborder l&rsquo;esth\u00e9tisme en cuisine, sublimer ses assiettes, soigner&hellip;<\/p>\n","protected":false},"author":1,"featured_media":0,"parent":0,"menu_order":0,"comment_status":"closed","ping_status":"closed","template":"","meta":{"footnotes":""},"class_list":["post-2022","page","type-page","status-publish","hentry"],"_links":{"self":[{"href":"https:\/\/legumistes.com\/index.php\/wp-json\/wp\/v2\/pages\/2022","targetHints":{"allow":["GET"]}}],"collection":[{"href":"https:\/\/legumistes.com\/index.php\/wp-json\/wp\/v2\/pages"}],"about":[{"href":"https:\/\/legumistes.com\/index.php\/wp-json\/wp\/v2\/types\/page"}],"author":[{"embeddable":true,"href":"https:\/\/legumistes.com\/index.php\/wp-json\/wp\/v2\/users\/1"}],"replies":[{"embeddable":true,"href":"https:\/\/legumistes.com\/index.php\/wp-json\/wp\/v2\/comments?post=2022"}],"version-history":[{"count":55,"href":"https:\/\/legumistes.com\/index.php\/wp-json\/wp\/v2\/pages\/2022\/revisions"}],"predecessor-version":[{"id":2335,"href":"https:\/\/legumistes.com\/index.php\/wp-json\/wp\/v2\/pages\/2022\/revisions\/2335"}],"wp:attachment":[{"href":"https:\/\/legumistes.com\/index.php\/wp-json\/wp\/v2\/media?parent=2022"}],"curies":[{"name":"wp","href":"https:\/\/api.w.org\/{rel}","templated":true}]}}