{"id":1804,"date":"2023-01-04T18:18:36","date_gmt":"2023-01-04T17:18:36","guid":{"rendered":"https:\/\/popupvegetal.com\/?page_id=1804"},"modified":"2026-04-07T15:20:48","modified_gmt":"2026-04-07T13:20:48","slug":"workshop-chef-nomade","status":"publish","type":"page","link":"https:\/\/legumistes.com\/index.php\/workshop-chef-nomade\/","title":{"rendered":"B O O T C A M P"},"content":{"rendered":"\t\t<div data-elementor-type=\"wp-page\" data-elementor-id=\"1804\" class=\"elementor elementor-1804\">\n\t\t\t\t\t\t\t\t\t<section class=\"elementor-section elementor-top-section elementor-element elementor-element-bd2fe16 elementor-section-boxed elementor-section-height-default elementor-section-height-default\" data-id=\"bd2fe16\" data-element_type=\"section\">\n\t\t\t\t\t\t<div class=\"elementor-container elementor-column-gap-default\">\n\t\t\t\t\t<div class=\"elementor-column elementor-col-100 elementor-top-column elementor-element elementor-element-92e3dcc\" data-id=\"92e3dcc\" data-element_type=\"column\">\n\t\t\t<div class=\"elementor-widget-wrap elementor-element-populated\">\n\t\t\t\t\t\t\t\t<div class=\"elementor-element elementor-element-6e64c20 gallery-spacing-custom elementor-widget elementor-widget-image-gallery\" data-id=\"6e64c20\" data-element_type=\"widget\" data-widget_type=\"image-gallery.default\">\n\t\t\t\t<div class=\"elementor-widget-container\">\n\t\t\t\t\t<div class=\"elementor-image-gallery\">\n\t\t\t\n\t\t\t<style type='text\/css'>\n\t\t\t\t#gallery-1 {\n\t\t\t\t\tmargin: auto;\n\t\t\t\t}\n\t\t\t\t#gallery-1 .gallery-item {\n\t\t\t\t\tfloat: left;\n\t\t\t\t\tmargin-top: 10px;\n\t\t\t\t\ttext-align: center;\n\t\t\t\t\twidth: 25%;\n\t\t\t\t}\n\t\t\t\t#gallery-1 img {\n\t\t\t\t\tborder: 2px solid #cfcfcf;\n\t\t\t\t}\n\t\t\t\t#gallery-1 .gallery-caption {\n\t\t\t\t\tmargin-left: 0;\n\t\t\t\t}\n\t\t\t\t\/* see gallery_shortcode() in wp-includes\/media.php *\/\n\t\t\t<\/style>\n\t\t<div id='gallery-1' class='dt-gallery-container gallery galleryid-1804 gallery-columns-4 gallery-size-medium'><dl class='gallery-item'>\n\t\t\t\t<dt class='gallery-icon portrait'>\n\t\t\t\t\t<a class=\"rollover rollover-zoom\" title=\"\"data-elementor-open-lightbox=\"yes\" data-elementor-lightbox-slideshow=\"6e64c20\" data-elementor-lightbox-title=\"4ee7e044-bb7c-4c1a-bedd-ec70c57c4624\" e-action-hash=\"#elementor-action%3Aaction%3Dlightbox%26settings%3DeyJpZCI6MjQ5OCwidXJsIjoiaHR0cHM6XC9cL2xlZ3VtaXN0ZXMuY29tXC93cC1jb250ZW50XC91cGxvYWRzXC8yMDI2XC8wNFwvNGVlN2UwNDQtYmI3Yy00YzFhLWJlZGQtZWM3MGM1N2M0NjI0LmpwZyIsInNsaWRlc2hvdyI6IjZlNjRjMjAifQ%3D%3D\" href='https:\/\/legumistes.com\/wp-content\/uploads\/2026\/04\/4ee7e044-bb7c-4c1a-bedd-ec70c57c4624.jpg'><img loading=\"lazy\" decoding=\"async\" width=\"200\" height=\"300\" src=\"https:\/\/legumistes.com\/wp-content\/uploads\/2026\/04\/4ee7e044-bb7c-4c1a-bedd-ec70c57c4624-200x300.jpg\" class=\"attachment-medium size-medium\" alt=\"\" srcset=\"https:\/\/legumistes.com\/wp-content\/uploads\/2026\/04\/4ee7e044-bb7c-4c1a-bedd-ec70c57c4624-200x300.jpg 200w, https:\/\/legumistes.com\/wp-content\/uploads\/2026\/04\/4ee7e044-bb7c-4c1a-bedd-ec70c57c4624-684x1024.jpg 684w, https:\/\/legumistes.com\/wp-content\/uploads\/2026\/04\/4ee7e044-bb7c-4c1a-bedd-ec70c57c4624-768x1150.jpg 768w, https:\/\/legumistes.com\/wp-content\/uploads\/2026\/04\/4ee7e044-bb7c-4c1a-bedd-ec70c57c4624.jpg 1009w\" sizes=\"auto, (max-width: 200px) 100vw, 200px\" \/><\/a>\n\t\t\t\t<\/dt><\/dl><dl class='gallery-item'>\n\t\t\t\t<dt class='gallery-icon portrait'>\n\t\t\t\t\t<a class=\"rollover rollover-zoom\" title=\"\"data-elementor-open-lightbox=\"yes\" data-elementor-lightbox-slideshow=\"6e64c20\" data-elementor-lightbox-title=\"58bc1c24-fb25-465d-a964-1252ac75a091\" e-action-hash=\"#elementor-action%3Aaction%3Dlightbox%26settings%3DeyJpZCI6MjQ5OSwidXJsIjoiaHR0cHM6XC9cL2xlZ3VtaXN0ZXMuY29tXC93cC1jb250ZW50XC91cGxvYWRzXC8yMDI2XC8wNFwvNThiYzFjMjQtZmIyNS00NjVkLWE5NjQtMTI1MmFjNzVhMDkxLmpwZyIsInNsaWRlc2hvdyI6IjZlNjRjMjAifQ%3D%3D\" href='https:\/\/legumistes.com\/wp-content\/uploads\/2026\/04\/58bc1c24-fb25-465d-a964-1252ac75a091.jpg'><img loading=\"lazy\" decoding=\"async\" width=\"200\" height=\"300\" src=\"https:\/\/legumistes.com\/wp-content\/uploads\/2026\/04\/58bc1c24-fb25-465d-a964-1252ac75a091-200x300.jpg\" class=\"attachment-medium size-medium\" alt=\"\" srcset=\"https:\/\/legumistes.com\/wp-content\/uploads\/2026\/04\/58bc1c24-fb25-465d-a964-1252ac75a091-200x300.jpg 200w, https:\/\/legumistes.com\/wp-content\/uploads\/2026\/04\/58bc1c24-fb25-465d-a964-1252ac75a091-684x1024.jpg 684w, https:\/\/legumistes.com\/wp-content\/uploads\/2026\/04\/58bc1c24-fb25-465d-a964-1252ac75a091-768x1149.jpg 768w, https:\/\/legumistes.com\/wp-content\/uploads\/2026\/04\/58bc1c24-fb25-465d-a964-1252ac75a091-1026x1536.jpg 1026w, https:\/\/legumistes.com\/wp-content\/uploads\/2026\/04\/58bc1c24-fb25-465d-a964-1252ac75a091.jpg 1069w\" sizes=\"auto, (max-width: 200px) 100vw, 200px\" \/><\/a>\n\t\t\t\t<\/dt><\/dl><dl class='gallery-item'>\n\t\t\t\t<dt class='gallery-icon portrait'>\n\t\t\t\t\t<a class=\"rollover rollover-zoom\" title=\"\"data-elementor-open-lightbox=\"yes\" data-elementor-lightbox-slideshow=\"6e64c20\" data-elementor-lightbox-title=\"1390516\" e-action-hash=\"#elementor-action%3Aaction%3Dlightbox%26settings%3DeyJpZCI6MjUwMCwidXJsIjoiaHR0cHM6XC9cL2xlZ3VtaXN0ZXMuY29tXC93cC1jb250ZW50XC91cGxvYWRzXC8yMDI2XC8wNFwvMTM5MDUxNi5qcGciLCJzbGlkZXNob3ciOiI2ZTY0YzIwIn0%3D\" href='https:\/\/legumistes.com\/wp-content\/uploads\/2026\/04\/1390516.jpg'><img loading=\"lazy\" decoding=\"async\" width=\"225\" height=\"300\" src=\"https:\/\/legumistes.com\/wp-content\/uploads\/2026\/04\/1390516-225x300.jpg\" class=\"attachment-medium size-medium\" alt=\"\" srcset=\"https:\/\/legumistes.com\/wp-content\/uploads\/2026\/04\/1390516-225x300.jpg 225w, https:\/\/legumistes.com\/wp-content\/uploads\/2026\/04\/1390516-768x1024.jpg 768w, https:\/\/legumistes.com\/wp-content\/uploads\/2026\/04\/1390516-1152x1536.jpg 1152w, https:\/\/legumistes.com\/wp-content\/uploads\/2026\/04\/1390516.jpg 1536w\" sizes=\"auto, (max-width: 225px) 100vw, 225px\" \/><\/a>\n\t\t\t\t<\/dt><\/dl><dl class='gallery-item'>\n\t\t\t\t<dt class='gallery-icon portrait'>\n\t\t\t\t\t<a class=\"rollover rollover-zoom\" title=\"\"data-elementor-open-lightbox=\"yes\" data-elementor-lightbox-slideshow=\"6e64c20\" data-elementor-lightbox-title=\"1400046\" e-action-hash=\"#elementor-action%3Aaction%3Dlightbox%26settings%3DeyJpZCI6MjUwMiwidXJsIjoiaHR0cHM6XC9cL2xlZ3VtaXN0ZXMuY29tXC93cC1jb250ZW50XC91cGxvYWRzXC8yMDI2XC8wNFwvMTQwMDA0Ni1yb3RhdGVkLmpwZyIsInNsaWRlc2hvdyI6IjZlNjRjMjAifQ%3D%3D\" href='https:\/\/legumistes.com\/wp-content\/uploads\/2026\/04\/1400046-rotated.jpg'><img loading=\"lazy\" decoding=\"async\" width=\"225\" height=\"300\" src=\"https:\/\/legumistes.com\/wp-content\/uploads\/2026\/04\/1400046-225x300.jpg\" class=\"attachment-medium size-medium\" alt=\"\" srcset=\"https:\/\/legumistes.com\/wp-content\/uploads\/2026\/04\/1400046-225x300.jpg 225w, https:\/\/legumistes.com\/wp-content\/uploads\/2026\/04\/1400046-768x1024.jpg 768w, https:\/\/legumistes.com\/wp-content\/uploads\/2026\/04\/1400046-1152x1536.jpg 1152w, https:\/\/legumistes.com\/wp-content\/uploads\/2026\/04\/1400046-rotated.jpg 1536w\" sizes=\"auto, (max-width: 225px) 100vw, 225px\" \/><\/a>\n\t\t\t\t<\/dt><\/dl><br style=\"clear: both\" \/><dl class='gallery-item'>\n\t\t\t\t<dt class='gallery-icon portrait'>\n\t\t\t\t\t<a class=\"rollover rollover-zoom\" title=\"\"data-elementor-open-lightbox=\"yes\" data-elementor-lightbox-slideshow=\"6e64c20\" data-elementor-lightbox-title=\"1400104\" e-action-hash=\"#elementor-action%3Aaction%3Dlightbox%26settings%3DeyJpZCI6MjUwMywidXJsIjoiaHR0cHM6XC9cL2xlZ3VtaXN0ZXMuY29tXC93cC1jb250ZW50XC91cGxvYWRzXC8yMDI2XC8wNFwvMTQwMDEwNC5qcGciLCJzbGlkZXNob3ciOiI2ZTY0YzIwIn0%3D\" href='https:\/\/legumistes.com\/wp-content\/uploads\/2026\/04\/1400104.jpg'><img loading=\"lazy\" decoding=\"async\" width=\"225\" height=\"300\" src=\"https:\/\/legumistes.com\/wp-content\/uploads\/2026\/04\/1400104-225x300.jpg\" class=\"attachment-medium size-medium\" alt=\"\" srcset=\"https:\/\/legumistes.com\/wp-content\/uploads\/2026\/04\/1400104-225x300.jpg 225w, https:\/\/legumistes.com\/wp-content\/uploads\/2026\/04\/1400104-768x1024.jpg 768w, https:\/\/legumistes.com\/wp-content\/uploads\/2026\/04\/1400104-1152x1536.jpg 1152w, https:\/\/legumistes.com\/wp-content\/uploads\/2026\/04\/1400104.jpg 1514w\" sizes=\"auto, (max-width: 225px) 100vw, 225px\" \/><\/a>\n\t\t\t\t<\/dt><\/dl><dl class='gallery-item'>\n\t\t\t\t<dt class='gallery-icon portrait'>\n\t\t\t\t\t<a class=\"rollover rollover-zoom\" title=\"\"data-elementor-open-lightbox=\"yes\" data-elementor-lightbox-slideshow=\"6e64c20\" data-elementor-lightbox-title=\"1400181\" e-action-hash=\"#elementor-action%3Aaction%3Dlightbox%26settings%3DeyJpZCI6MjUwNCwidXJsIjoiaHR0cHM6XC9cL2xlZ3VtaXN0ZXMuY29tXC93cC1jb250ZW50XC91cGxvYWRzXC8yMDI2XC8wNFwvMTQwMDE4MS5qcGciLCJzbGlkZXNob3ciOiI2ZTY0YzIwIn0%3D\" href='https:\/\/legumistes.com\/wp-content\/uploads\/2026\/04\/1400181.jpg'><img loading=\"lazy\" decoding=\"async\" width=\"225\" height=\"300\" src=\"https:\/\/legumistes.com\/wp-content\/uploads\/2026\/04\/1400181-225x300.jpg\" class=\"attachment-medium size-medium\" alt=\"\" srcset=\"https:\/\/legumistes.com\/wp-content\/uploads\/2026\/04\/1400181-225x300.jpg 225w, https:\/\/legumistes.com\/wp-content\/uploads\/2026\/04\/1400181-768x1024.jpg 768w, https:\/\/legumistes.com\/wp-content\/uploads\/2026\/04\/1400181-1152x1536.jpg 1152w, https:\/\/legumistes.com\/wp-content\/uploads\/2026\/04\/1400181.jpg 1468w\" sizes=\"auto, (max-width: 225px) 100vw, 225px\" \/><\/a>\n\t\t\t\t<\/dt><\/dl><dl class='gallery-item'>\n\t\t\t\t<dt class='gallery-icon portrait'>\n\t\t\t\t\t<a class=\"rollover rollover-zoom\" title=\"\"data-elementor-open-lightbox=\"yes\" data-elementor-lightbox-slideshow=\"6e64c20\" data-elementor-lightbox-title=\"Blue striped 4\" e-action-hash=\"#elementor-action%3Aaction%3Dlightbox%26settings%3DeyJpZCI6MjUwNiwidXJsIjoiaHR0cHM6XC9cL2xlZ3VtaXN0ZXMuY29tXC93cC1jb250ZW50XC91cGxvYWRzXC8yMDI2XC8wNFwvMTQwMDIxNi5qcGciLCJzbGlkZXNob3ciOiI2ZTY0YzIwIn0%3D\" href='https:\/\/legumistes.com\/wp-content\/uploads\/2026\/04\/1400216.jpg'><img loading=\"lazy\" decoding=\"async\" width=\"225\" height=\"300\" src=\"https:\/\/legumistes.com\/wp-content\/uploads\/2026\/04\/1400216-225x300.jpg\" class=\"attachment-medium size-medium\" alt=\"\" srcset=\"https:\/\/legumistes.com\/wp-content\/uploads\/2026\/04\/1400216-225x300.jpg 225w, https:\/\/legumistes.com\/wp-content\/uploads\/2026\/04\/1400216-768x1024.jpg 768w, https:\/\/legumistes.com\/wp-content\/uploads\/2026\/04\/1400216-1152x1536.jpg 1152w, https:\/\/legumistes.com\/wp-content\/uploads\/2026\/04\/1400216.jpg 1536w\" sizes=\"auto, (max-width: 225px) 100vw, 225px\" \/><\/a>\n\t\t\t\t<\/dt><\/dl><dl class='gallery-item'>\n\t\t\t\t<dt class='gallery-icon portrait'>\n\t\t\t\t\t<a class=\"rollover rollover-zoom\" title=\"\"data-elementor-open-lightbox=\"yes\" data-elementor-lightbox-slideshow=\"6e64c20\" data-elementor-lightbox-title=\"1400273\" e-action-hash=\"#elementor-action%3Aaction%3Dlightbox%26settings%3DeyJpZCI6MjUwNywidXJsIjoiaHR0cHM6XC9cL2xlZ3VtaXN0ZXMuY29tXC93cC1jb250ZW50XC91cGxvYWRzXC8yMDI2XC8wNFwvMTQwMDI3My5qcGciLCJzbGlkZXNob3ciOiI2ZTY0YzIwIn0%3D\" href='https:\/\/legumistes.com\/wp-content\/uploads\/2026\/04\/1400273.jpg'><img loading=\"lazy\" decoding=\"async\" width=\"225\" height=\"300\" src=\"https:\/\/legumistes.com\/wp-content\/uploads\/2026\/04\/1400273-225x300.jpg\" class=\"attachment-medium size-medium\" alt=\"\" srcset=\"https:\/\/legumistes.com\/wp-content\/uploads\/2026\/04\/1400273-225x300.jpg 225w, https:\/\/legumistes.com\/wp-content\/uploads\/2026\/04\/1400273-768x1024.jpg 768w, https:\/\/legumistes.com\/wp-content\/uploads\/2026\/04\/1400273-1152x1536.jpg 1152w, https:\/\/legumistes.com\/wp-content\/uploads\/2026\/04\/1400273.jpg 1536w\" sizes=\"auto, (max-width: 225px) 100vw, 225px\" \/><\/a>\n\t\t\t\t<\/dt><\/dl><br style=\"clear: both\" \/><dl class='gallery-item'>\n\t\t\t\t<dt class='gallery-icon portrait'>\n\t\t\t\t\t<a class=\"rollover rollover-zoom\" title=\"\"data-elementor-open-lightbox=\"yes\" data-elementor-lightbox-slideshow=\"6e64c20\" data-elementor-lightbox-title=\"def93be1-24bf-4d2f-a275-c3449709310b\" e-action-hash=\"#elementor-action%3Aaction%3Dlightbox%26settings%3DeyJpZCI6MjUwOCwidXJsIjoiaHR0cHM6XC9cL2xlZ3VtaXN0ZXMuY29tXC93cC1jb250ZW50XC91cGxvYWRzXC8yMDI2XC8wNFwvZGVmOTNiZTEtMjRiZi00ZDJmLWEyNzUtYzM0NDk3MDkzMTBiLmpwZyIsInNsaWRlc2hvdyI6IjZlNjRjMjAifQ%3D%3D\" href='https:\/\/legumistes.com\/wp-content\/uploads\/2026\/04\/def93be1-24bf-4d2f-a275-c3449709310b.jpg'><img loading=\"lazy\" decoding=\"async\" width=\"212\" height=\"300\" src=\"https:\/\/legumistes.com\/wp-content\/uploads\/2026\/04\/def93be1-24bf-4d2f-a275-c3449709310b-212x300.jpg\" class=\"attachment-medium size-medium\" alt=\"\" srcset=\"https:\/\/legumistes.com\/wp-content\/uploads\/2026\/04\/def93be1-24bf-4d2f-a275-c3449709310b-212x300.jpg 212w, https:\/\/legumistes.com\/wp-content\/uploads\/2026\/04\/def93be1-24bf-4d2f-a275-c3449709310b-723x1024.jpg 723w, https:\/\/legumistes.com\/wp-content\/uploads\/2026\/04\/def93be1-24bf-4d2f-a275-c3449709310b-768x1088.jpg 768w, https:\/\/legumistes.com\/wp-content\/uploads\/2026\/04\/def93be1-24bf-4d2f-a275-c3449709310b.jpg 966w\" sizes=\"auto, (max-width: 212px) 100vw, 212px\" \/><\/a>\n\t\t\t\t<\/dt><\/dl><dl class='gallery-item'>\n\t\t\t\t<dt class='gallery-icon portrait'>\n\t\t\t\t\t<a class=\"rollover rollover-zoom\" title=\"\"data-elementor-open-lightbox=\"yes\" data-elementor-lightbox-slideshow=\"6e64c20\" data-elementor-lightbox-title=\"fcb697e3-2f59-43b3-afd5-4fad07858965\" e-action-hash=\"#elementor-action%3Aaction%3Dlightbox%26settings%3DeyJpZCI6MjUwOSwidXJsIjoiaHR0cHM6XC9cL2xlZ3VtaXN0ZXMuY29tXC93cC1jb250ZW50XC91cGxvYWRzXC8yMDI2XC8wNFwvZmNiNjk3ZTMtMmY1OS00M2IzLWFmZDUtNGZhZDA3ODU4OTY1LmpwZyIsInNsaWRlc2hvdyI6IjZlNjRjMjAifQ%3D%3D\" href='https:\/\/legumistes.com\/wp-content\/uploads\/2026\/04\/fcb697e3-2f59-43b3-afd5-4fad07858965.jpg'><img loading=\"lazy\" decoding=\"async\" width=\"200\" height=\"300\" src=\"https:\/\/legumistes.com\/wp-content\/uploads\/2026\/04\/fcb697e3-2f59-43b3-afd5-4fad07858965-200x300.jpg\" class=\"attachment-medium size-medium\" alt=\"\" srcset=\"https:\/\/legumistes.com\/wp-content\/uploads\/2026\/04\/fcb697e3-2f59-43b3-afd5-4fad07858965-200x300.jpg 200w, https:\/\/legumistes.com\/wp-content\/uploads\/2026\/04\/fcb697e3-2f59-43b3-afd5-4fad07858965-684x1024.jpg 684w, https:\/\/legumistes.com\/wp-content\/uploads\/2026\/04\/fcb697e3-2f59-43b3-afd5-4fad07858965-768x1149.jpg 768w, https:\/\/legumistes.com\/wp-content\/uploads\/2026\/04\/fcb697e3-2f59-43b3-afd5-4fad07858965-1026x1536.jpg 1026w, https:\/\/legumistes.com\/wp-content\/uploads\/2026\/04\/fcb697e3-2f59-43b3-afd5-4fad07858965.jpg 1069w\" sizes=\"auto, (max-width: 200px) 100vw, 200px\" \/><\/a>\n\t\t\t\t<\/dt><\/dl><dl class='gallery-item'>\n\t\t\t\t<dt class='gallery-icon portrait'>\n\t\t\t\t\t<a class=\"rollover rollover-zoom\" title=\"\"data-elementor-open-lightbox=\"yes\" data-elementor-lightbox-slideshow=\"6e64c20\" data-elementor-lightbox-title=\"IMG_7682\" e-action-hash=\"#elementor-action%3Aaction%3Dlightbox%26settings%3DeyJpZCI6MjUxMCwidXJsIjoiaHR0cHM6XC9cL2xlZ3VtaXN0ZXMuY29tXC93cC1jb250ZW50XC91cGxvYWRzXC8yMDI2XC8wNFwvSU1HXzc2ODItc2NhbGVkLmpwZyIsInNsaWRlc2hvdyI6IjZlNjRjMjAifQ%3D%3D\" href='https:\/\/legumistes.com\/wp-content\/uploads\/2026\/04\/IMG_7682-scaled.jpg'><img loading=\"lazy\" decoding=\"async\" width=\"225\" height=\"300\" src=\"https:\/\/legumistes.com\/wp-content\/uploads\/2026\/04\/IMG_7682-225x300.jpg\" class=\"attachment-medium size-medium\" alt=\"\" srcset=\"https:\/\/legumistes.com\/wp-content\/uploads\/2026\/04\/IMG_7682-225x300.jpg 225w, https:\/\/legumistes.com\/wp-content\/uploads\/2026\/04\/IMG_7682-768x1024.jpg 768w, https:\/\/legumistes.com\/wp-content\/uploads\/2026\/04\/IMG_7682-1152x1536.jpg 1152w, https:\/\/legumistes.com\/wp-content\/uploads\/2026\/04\/IMG_7682-1536x2048.jpg 1536w, https:\/\/legumistes.com\/wp-content\/uploads\/2026\/04\/IMG_7682-scaled.jpg 1920w\" sizes=\"auto, (max-width: 225px) 100vw, 225px\" \/><\/a>\n\t\t\t\t<\/dt><\/dl><dl class='gallery-item'>\n\t\t\t\t<dt class='gallery-icon portrait'>\n\t\t\t\t\t<a class=\"rollover rollover-zoom\" title=\"\"data-elementor-open-lightbox=\"yes\" data-elementor-lightbox-slideshow=\"6e64c20\" data-elementor-lightbox-title=\"1400139\" e-action-hash=\"#elementor-action%3Aaction%3Dlightbox%26settings%3DeyJpZCI6MjQ5NCwidXJsIjoiaHR0cHM6XC9cL2xlZ3VtaXN0ZXMuY29tXC93cC1jb250ZW50XC91cGxvYWRzXC8yMDI2XC8wNFwvMTQwMDEzOS5qcGciLCJzbGlkZXNob3ciOiI2ZTY0YzIwIn0%3D\" href='https:\/\/legumistes.com\/wp-content\/uploads\/2026\/04\/1400139.jpg'><img loading=\"lazy\" decoding=\"async\" width=\"225\" height=\"300\" src=\"https:\/\/legumistes.com\/wp-content\/uploads\/2026\/04\/1400139-225x300.jpg\" class=\"attachment-medium size-medium\" alt=\"\" srcset=\"https:\/\/legumistes.com\/wp-content\/uploads\/2026\/04\/1400139-225x300.jpg 225w, https:\/\/legumistes.com\/wp-content\/uploads\/2026\/04\/1400139-768x1024.jpg 768w, https:\/\/legumistes.com\/wp-content\/uploads\/2026\/04\/1400139.jpg 1133w\" sizes=\"auto, (max-width: 225px) 100vw, 225px\" \/><\/a>\n\t\t\t\t<\/dt><\/dl><br style=\"clear: both\" \/>\n\t\t\t<\/div>\n\t\t<\/div>\n\t\t\t\t<\/div>\n\t\t\t\t<\/div>\n\t\t\t\t\t<\/div>\n\t\t<\/div>\n\t\t\t\t\t\t\t<\/div>\n\t\t<\/section>\n\t\t\t\t<section class=\"elementor-section elementor-top-section elementor-element elementor-element-4569909a elementor-section-boxed elementor-section-height-default elementor-section-height-default\" data-id=\"4569909a\" data-element_type=\"section\">\n\t\t\t\t\t\t<div class=\"elementor-container elementor-column-gap-default\">\n\t\t\t\t\t<div class=\"elementor-column elementor-col-100 elementor-top-column elementor-element elementor-element-73660978\" data-id=\"73660978\" data-element_type=\"column\">\n\t\t\t<div class=\"elementor-widget-wrap\">\n\t\t\t\t\t\t\t\t\t<\/div>\n\t\t<\/div>\n\t\t\t\t\t\t\t<\/div>\n\t\t<\/section>\n\t\t\t\t<section class=\"elementor-section elementor-top-section elementor-element elementor-element-3bfada8 elementor-section-boxed elementor-section-height-default elementor-section-height-default\" data-id=\"3bfada8\" data-element_type=\"section\">\n\t\t\t\t\t\t<div class=\"elementor-container elementor-column-gap-default\">\n\t\t\t\t\t<div class=\"elementor-column elementor-col-50 elementor-top-column elementor-element elementor-element-a454744\" data-id=\"a454744\" data-element_type=\"column\">\n\t\t\t<div class=\"elementor-widget-wrap elementor-element-populated\">\n\t\t\t\t\t\t\t\t<div class=\"elementor-element elementor-element-069fcd6 elementor-widget elementor-widget-text-editor\" data-id=\"069fcd6\" data-element_type=\"widget\" data-widget_type=\"text-editor.default\">\n\t\t\t\t<div class=\"elementor-widget-container\">\n\t\t\t\t\t\t\t<p class=\"cvGsUA direction-ltr align-justify para-style-body\"><span class=\"OYPEnA font-feature-liga-off font-feature-clig-off font-feature-calt-off text-decoration-none text-strikethrough-none\">La cuisine v\u00e9g\u00e9tale connait une demande croissante dans nos pratiques de chefs ind\u00e9pendants, de restaurateurs et aupr\u00e8s des entreprises. Elle est devenue une r\u00e9ponse concr\u00e8te face \u00e0 des prises de conscience \u00e9thiques, environnementales et en mati\u00e8re de sant\u00e9. Loin d\u2019\u00eatre une cuisine de substitution, elle r\u00e9invente, innove et sublime les saveurs et textures. C\u2019est une approche \u00e0 la fois audacieuse et cr\u00e9ative, qui ne cesse de repousser les fronti\u00e8res de la gastronomie contemporaine.<\/span><\/p>\n<p class=\"cvGsUA direction-ltr align-justify para-style-body\"><span class=\"OYPEnA font-feature-liga-off font-feature-clig-off font-feature-calt-off text-decoration-none text-strikethrough-none\">Ce stage s\u2019adresse aux professionnels et passionn\u00e9s de cuisine qui souhaitent approfondir leur connaissances et explorer de nouvelles inspirations culinaires.<\/span><\/p>\n<p class=\"cvGsUA direction-ltr align-justify para-style-body\"><span class=\"OYPEnA font-feature-liga-off font-feature-clig-off font-feature-calt-off text-decoration-none text-strikethrough-none\">Au cours de ces deux journ\u00e9es 1\/2 immersives, nous aborderons nos sujets de pr\u00e9dilection : les plantes sauvages et leurs applications culinaires, l\u2019usage subtil de la fermentation en cuisine &amp; le dressage culinaire.\u00a0<\/span><\/p>\n<p class=\"cvGsUA direction-ltr align-justify para-style-body\"><span class=\"OYPEnA font-feature-liga-off font-feature-clig-off font-feature-calt-off text-decoration-none text-strikethrough-none\">Ce stage est \u00e9galement une invitation \u00e0 cr\u00e9er du lien, \u00e0 mutualiser nos comp\u00e9tences et nos exp\u00e9riences, pour rem\u00e9dier \u00e0 nos pratiques souvent isol\u00e9es.<\/span><\/p>\n<p class=\"cvGsUA direction-ltr align-justify para-style-body\"><span class=\"OYPEnA font-feature-liga-off font-feature-clig-off font-feature-calt-off text-decoration-none text-strikethrough-none\">Nous serons accueillis dans un lieu bucolique et chaleureux, au sein de la campagne Aixoise, qui dispose d\u2019une cuisine semi-professionnelle.<\/span><\/p>\n<p class=\"cvGsUA direction-ltr align-justify para-style-body\"><span class=\"OYPEnA font-feature-liga-off font-feature-clig-off font-feature-calt-off text-decoration-none text-strikethrough-none\">Les places seront limit\u00e9es \u00e0 8 participant(e)s pour favoriser la qualit\u00e9 des \u00e9changes<\/span><\/p>\t\t\t\t\t\t<\/div>\n\t\t\t\t<\/div>\n\t\t\t\t\t<\/div>\n\t\t<\/div>\n\t\t\t\t<div class=\"elementor-column elementor-col-50 elementor-top-column elementor-element elementor-element-5a5f8fd\" data-id=\"5a5f8fd\" data-element_type=\"column\">\n\t\t\t<div class=\"elementor-widget-wrap elementor-element-populated\">\n\t\t\t\t\t\t\t\t<div class=\"elementor-element elementor-element-42ebd5e elementor-widget elementor-widget-text-editor\" data-id=\"42ebd5e\" data-element_type=\"widget\" data-widget_type=\"text-editor.default\">\n\t\t\t\t<div class=\"elementor-widget-container\">\n\t\t\t\t\t\t\t<p><strong>Prochaine date :<\/strong><\/p>\n<p><strong>Du 16 au 18 novembre 2026<\/strong><\/p>\n<p><!-- \/wp:list-item --><\/p>\n<p><!-- \/wp:list --><!-- wp:list --><\/p>\n<ul><!-- wp:list-item --><!-- \/wp:list-item --><!-- wp:list-item --><!-- \/wp:list-item --><!-- wp:list-item --><!-- \/wp:list-item --><\/ul>\n<p><!-- \/wp:list --><!-- wp:paragraph --><\/p>\n<p>Stage de cuisine intensif.<\/p>\n<p>Th\u00e9matique sp\u00e9ciale : plantes sauvages &amp; fermentation. En pr\u00e9sence de Virginie Singeot, Ethnobotaniste.<\/p>\n<p>En Provence (repas et h\u00e9bergement inclus)<\/p>\n<p>Tarif 700\u20ac<\/p>\n<p><!-- \/wp:paragraph --><!-- wp:paragraph --><\/p>\n<p>Demande d&rsquo;informations : popupvegetal@outlook.com<\/p>\n<p>\u00a0<\/p>\t\t\t\t\t\t<\/div>\n\t\t\t\t<\/div>\n\t\t\t\t\t<\/div>\n\t\t<\/div>\n\t\t\t\t\t\t\t<\/div>\n\t\t<\/section>\n\t\t\t\t<section class=\"elementor-section elementor-top-section elementor-element elementor-element-3f2afae elementor-section-boxed elementor-section-height-default elementor-section-height-default\" data-id=\"3f2afae\" data-element_type=\"section\">\n\t\t\t\t\t\t<div class=\"elementor-container elementor-column-gap-default\">\n\t\t\t\t\t<div class=\"elementor-column elementor-col-100 elementor-top-column elementor-element elementor-element-85f4ebc\" data-id=\"85f4ebc\" data-element_type=\"column\">\n\t\t\t<div class=\"elementor-widget-wrap\">\n\t\t\t\t\t\t\t\t\t<\/div>\n\t\t<\/div>\n\t\t\t\t\t\t\t<\/div>\n\t\t<\/section>\n\t\t\t\t<section class=\"elementor-section elementor-top-section elementor-element elementor-element-08a4a23 elementor-section-boxed elementor-section-height-default elementor-section-height-default\" data-id=\"08a4a23\" data-element_type=\"section\">\n\t\t\t\t\t\t<div class=\"elementor-container elementor-column-gap-default\">\n\t\t\t\t\t<div class=\"elementor-column elementor-col-100 elementor-top-column elementor-element elementor-element-819b2bf\" data-id=\"819b2bf\" data-element_type=\"column\">\n\t\t\t<div class=\"elementor-widget-wrap\">\n\t\t\t\t\t\t\t\t\t<\/div>\n\t\t<\/div>\n\t\t\t\t\t\t\t<\/div>\n\t\t<\/section>\n\t\t\t\t<section class=\"elementor-section elementor-top-section elementor-element elementor-element-1b13506 elementor-section-boxed elementor-section-height-default elementor-section-height-default\" data-id=\"1b13506\" data-element_type=\"section\">\n\t\t\t\t\t\t<div class=\"elementor-container elementor-column-gap-default\">\n\t\t\t\t\t<div class=\"elementor-column elementor-col-100 elementor-top-column elementor-element elementor-element-9702975\" data-id=\"9702975\" data-element_type=\"column\">\n\t\t\t<div class=\"elementor-widget-wrap\">\n\t\t\t\t\t\t\t\t\t<\/div>\n\t\t<\/div>\n\t\t\t\t\t\t\t<\/div>\n\t\t<\/section>\n\t\t\t\t\t\t\t<\/div>\n\t\t","protected":false},"excerpt":{"rendered":"<p>La cuisine v\u00e9g\u00e9tale connait une demande croissante dans nos pratiques de chefs ind\u00e9pendants, de restaurateurs et aupr\u00e8s des entreprises. Elle est devenue une r\u00e9ponse concr\u00e8te face \u00e0 des prises de conscience \u00e9thiques, environnementales et en mati\u00e8re de sant\u00e9. Loin d\u2019\u00eatre une cuisine de substitution, elle r\u00e9invente, innove et sublime les saveurs et textures. C\u2019est une&hellip;<\/p>\n","protected":false},"author":1,"featured_media":0,"parent":0,"menu_order":0,"comment_status":"closed","ping_status":"closed","template":"","meta":{"footnotes":""},"class_list":["post-1804","page","type-page","status-publish","hentry"],"_links":{"self":[{"href":"https:\/\/legumistes.com\/index.php\/wp-json\/wp\/v2\/pages\/1804","targetHints":{"allow":["GET"]}}],"collection":[{"href":"https:\/\/legumistes.com\/index.php\/wp-json\/wp\/v2\/pages"}],"about":[{"href":"https:\/\/legumistes.com\/index.php\/wp-json\/wp\/v2\/types\/page"}],"author":[{"embeddable":true,"href":"https:\/\/legumistes.com\/index.php\/wp-json\/wp\/v2\/users\/1"}],"replies":[{"embeddable":true,"href":"https:\/\/legumistes.com\/index.php\/wp-json\/wp\/v2\/comments?post=1804"}],"version-history":[{"count":127,"href":"https:\/\/legumistes.com\/index.php\/wp-json\/wp\/v2\/pages\/1804\/revisions"}],"predecessor-version":[{"id":2513,"href":"https:\/\/legumistes.com\/index.php\/wp-json\/wp\/v2\/pages\/1804\/revisions\/2513"}],"wp:attachment":[{"href":"https:\/\/legumistes.com\/index.php\/wp-json\/wp\/v2\/media?parent=1804"}],"curies":[{"name":"wp","href":"https:\/\/api.w.org\/{rel}","templated":true}]}}