{"id":1055,"date":"2018-09-14T21:01:59","date_gmt":"2018-09-14T19:01:59","guid":{"rendered":"http:\/\/popupvegetal.com\/?page_id=1055"},"modified":"2023-07-31T19:09:17","modified_gmt":"2023-07-31T17:09:17","slug":"pop-up","status":"publish","type":"page","link":"https:\/\/legumistes.com\/index.php\/pop-up\/","title":{"rendered":"Pop Up"},"content":{"rendered":"\t\t<div data-elementor-type=\"wp-page\" data-elementor-id=\"1055\" class=\"elementor elementor-1055\">\n\t\t\t\t\t\t\t\t\t<section class=\"elementor-section elementor-top-section elementor-element elementor-element-6303c17 elementor-section-boxed elementor-section-height-default elementor-section-height-default\" data-id=\"6303c17\" data-element_type=\"section\">\n\t\t\t\t\t\t<div class=\"elementor-container elementor-column-gap-default\">\n\t\t\t\t\t<div class=\"elementor-column elementor-col-100 elementor-top-column elementor-element elementor-element-512941d\" data-id=\"512941d\" data-element_type=\"column\">\n\t\t\t<div class=\"elementor-widget-wrap elementor-element-populated\">\n\t\t\t\t\t\t\t\t<div class=\"elementor-element elementor-element-267103d elementor-widget elementor-widget-image\" data-id=\"267103d\" data-element_type=\"widget\" data-widget_type=\"image.default\">\n\t\t\t\t<div class=\"elementor-widget-container\">\n\t\t\t\t\t\t\t\t\t\t\t\t\t\t\t<img loading=\"lazy\" decoding=\"async\" width=\"768\" height=\"768\" src=\"https:\/\/legumistes.com\/wp-content\/uploads\/2022\/07\/AB17E7CA-B400-4CF7-9DE5-1868427D1F64-768x768.jpg\" class=\"attachment-medium_large size-medium_large wp-image-1775\" alt=\"\" srcset=\"https:\/\/legumistes.com\/wp-content\/uploads\/2022\/07\/AB17E7CA-B400-4CF7-9DE5-1868427D1F64-768x768.jpg 768w, https:\/\/legumistes.com\/wp-content\/uploads\/2022\/07\/AB17E7CA-B400-4CF7-9DE5-1868427D1F64-300x300.jpg 300w, https:\/\/legumistes.com\/wp-content\/uploads\/2022\/07\/AB17E7CA-B400-4CF7-9DE5-1868427D1F64-1024x1024.jpg 1024w, https:\/\/legumistes.com\/wp-content\/uploads\/2022\/07\/AB17E7CA-B400-4CF7-9DE5-1868427D1F64-150x150.jpg 150w, https:\/\/legumistes.com\/wp-content\/uploads\/2022\/07\/AB17E7CA-B400-4CF7-9DE5-1868427D1F64.jpg 1062w\" sizes=\"auto, (max-width: 768px) 100vw, 768px\" \/>\t\t\t\t\t\t\t\t\t\t\t\t\t\t\t<\/div>\n\t\t\t\t<\/div>\n\t\t\t\t\t<\/div>\n\t\t<\/div>\n\t\t\t\t\t\t\t<\/div>\n\t\t<\/section>\n\t\t\t\t<section class=\"elementor-section elementor-top-section elementor-element elementor-element-03a59ed elementor-section-boxed elementor-section-height-default elementor-section-height-default\" data-id=\"03a59ed\" data-element_type=\"section\">\n\t\t\t\t\t\t<div class=\"elementor-container elementor-column-gap-default\">\n\t\t\t\t\t<div class=\"elementor-column elementor-col-50 elementor-top-column elementor-element elementor-element-e1a9b07\" data-id=\"e1a9b07\" data-element_type=\"column\">\n\t\t\t<div class=\"elementor-widget-wrap elementor-element-populated\">\n\t\t\t\t\t\t\t\t<div class=\"elementor-element elementor-element-7eb0a05 elementor-widget elementor-widget-text-editor\" data-id=\"7eb0a05\" data-element_type=\"widget\" data-widget_type=\"text-editor.default\">\n\t\t\t\t<div class=\"elementor-widget-container\">\n\t\t\t\t\t\t\t\t\t\t\t\t\t<\/div>\n\t\t\t\t<\/div>\n\t\t\t\t<div class=\"elementor-element elementor-element-c249400 elementor-widget elementor-widget-text-editor\" data-id=\"c249400\" data-element_type=\"widget\" data-widget_type=\"text-editor.default\">\n\t\t\t\t<div class=\"elementor-widget-container\">\n\t\t\t\t\t\t\t<p>Nous cr\u00e9ons des \u00e9v\u00e8nements culinaires \u00e9ph\u00e9m\u00e8res et r\u00e9sidences ayant pour trame et inspiration la cuisine v\u00e9g\u00e9tale.<\/p><p>Sous diverses formes &#8211; d\u00e9jeuner, diner, brunch, atelier de cuisine &#8211; nous collaborons avec des restaurateurs, des domaines viticoles, et tout lieu disposant d&rsquo;une cuisine \u00e9quip\u00e9e.<\/p><p><em>We create ephemeral culinary events and residences with plant-based cuisine as a framework and inspiration.<\/em><\/p><p><em>In various forms &#8211; lunch, dinner, brunch, cooking workshop &#8211; we collaborate with restaurateurs, wine estates, <\/em><em>and any place with an equipped kitchen.<\/em><\/p>\t\t\t\t\t\t<\/div>\n\t\t\t\t<\/div>\n\t\t\t\t\t<\/div>\n\t\t<\/div>\n\t\t\t\t<div class=\"elementor-column elementor-col-50 elementor-top-column elementor-element elementor-element-8d8c004\" data-id=\"8d8c004\" data-element_type=\"column\">\n\t\t\t<div class=\"elementor-widget-wrap elementor-element-populated\">\n\t\t\t\t\t\t\t\t<div class=\"elementor-element elementor-element-d8751cc elementor-widget elementor-widget-text-editor\" data-id=\"d8751cc\" data-element_type=\"widget\" data-widget_type=\"text-editor.default\">\n\t\t\t\t<div class=\"elementor-widget-container\">\n\t\t\t\t\t\t\t<p>Contactez-nous par mail :\u00a0<\/p><p>popupvegetal@outlook.com<\/p><p>par t\u00e9l\u00e9phone : 06 63 60 51 14 \/ 06 10 72 26 77<\/p><p>ou via <a href=\"https:\/\/popupvegetal.com\/index.php\/contact\/\" target=\"_blank\" rel=\"noopener\">le formulaire de mise en relation.<\/a><\/p><p>\u00a0<\/p><p><em>Contact us by mail :<\/em><\/p><p><em>popupvegetal@outlook.com<\/em><\/p><p><em>by phone: 06 63 60 51 14 \/ 06 10 72 26 77<\/em><\/p><p><em>or via the contact form.<\/em><\/p>\t\t\t\t\t\t<\/div>\n\t\t\t\t<\/div>\n\t\t\t\t\t<\/div>\n\t\t<\/div>\n\t\t\t\t\t\t\t<\/div>\n\t\t<\/section>\n\t\t\t\t<section class=\"elementor-section elementor-top-section elementor-element elementor-element-6807cd0 elementor-section-boxed elementor-section-height-default elementor-section-height-default\" data-id=\"6807cd0\" data-element_type=\"section\">\n\t\t\t\t\t\t<div class=\"elementor-container elementor-column-gap-default\">\n\t\t\t\t\t<div class=\"elementor-column elementor-col-100 elementor-top-column elementor-element elementor-element-e980f1d\" data-id=\"e980f1d\" data-element_type=\"column\">\n\t\t\t<div class=\"elementor-widget-wrap\">\n\t\t\t\t\t\t\t\t\t<\/div>\n\t\t<\/div>\n\t\t\t\t\t\t\t<\/div>\n\t\t<\/section>\n\t\t\t\t<section class=\"elementor-section elementor-top-section elementor-element elementor-element-41bd7b1 elementor-section-boxed elementor-section-height-default elementor-section-height-default\" data-id=\"41bd7b1\" data-element_type=\"section\">\n\t\t\t\t\t\t<div class=\"elementor-container elementor-column-gap-default\">\n\t\t\t\t\t<div class=\"elementor-column elementor-col-100 elementor-top-column elementor-element elementor-element-cff7503\" data-id=\"cff7503\" data-element_type=\"column\">\n\t\t\t<div class=\"elementor-widget-wrap elementor-element-populated\">\n\t\t\t\t\t\t\t\t<div class=\"elementor-element elementor-element-3d68cc6 elementor-widget elementor-widget-spacer\" data-id=\"3d68cc6\" data-element_type=\"widget\" data-widget_type=\"spacer.default\">\n\t\t\t\t<div class=\"elementor-widget-container\">\n\t\t\t\t\t<div class=\"elementor-spacer\">\n\t\t\t<div class=\"elementor-spacer-inner\"><\/div>\n\t\t<\/div>\n\t\t\t\t<\/div>\n\t\t\t\t<\/div>\n\t\t\t\t\t<\/div>\n\t\t<\/div>\n\t\t\t\t\t\t\t<\/div>\n\t\t<\/section>\n\t\t\t\t<section class=\"elementor-section elementor-top-section elementor-element elementor-element-0e4104b elementor-section-boxed elementor-section-height-default elementor-section-height-default\" data-id=\"0e4104b\" data-element_type=\"section\">\n\t\t\t\t\t\t<div class=\"elementor-container elementor-column-gap-default\">\n\t\t\t\t\t<div class=\"elementor-column elementor-col-100 elementor-top-column elementor-element elementor-element-47b3a2e\" data-id=\"47b3a2e\" data-element_type=\"column\">\n\t\t\t<div class=\"elementor-widget-wrap\">\n\t\t\t\t\t\t\t\t\t<\/div>\n\t\t<\/div>\n\t\t\t\t\t\t\t<\/div>\n\t\t<\/section>\n\t\t\t\t<section class=\"elementor-section elementor-top-section elementor-element elementor-element-877f508 elementor-section-boxed elementor-section-height-default elementor-section-height-default\" data-id=\"877f508\" data-element_type=\"section\">\n\t\t\t\t\t\t<div class=\"elementor-container elementor-column-gap-default\">\n\t\t\t\t\t<div class=\"elementor-column elementor-col-100 elementor-top-column elementor-element elementor-element-8d2d94f\" data-id=\"8d2d94f\" data-element_type=\"column\">\n\t\t\t<div class=\"elementor-widget-wrap elementor-element-populated\">\n\t\t\t\t\t\t\t\t<div class=\"elementor-element elementor-element-b3987b3 gallery-spacing-custom elementor-widget elementor-widget-image-gallery\" data-id=\"b3987b3\" data-element_type=\"widget\" data-widget_type=\"image-gallery.default\">\n\t\t\t\t<div class=\"elementor-widget-container\">\n\t\t\t\t\t<div class=\"elementor-image-gallery\">\n\t\t\t\n\t\t\t<style type='text\/css'>\n\t\t\t\t#gallery-1 {\n\t\t\t\t\tmargin: auto;\n\t\t\t\t}\n\t\t\t\t#gallery-1 .gallery-item {\n\t\t\t\t\tfloat: left;\n\t\t\t\t\tmargin-top: 10px;\n\t\t\t\t\ttext-align: center;\n\t\t\t\t\twidth: 25%;\n\t\t\t\t}\n\t\t\t\t#gallery-1 img {\n\t\t\t\t\tborder: 2px solid #cfcfcf;\n\t\t\t\t}\n\t\t\t\t#gallery-1 .gallery-caption {\n\t\t\t\t\tmargin-left: 0;\n\t\t\t\t}\n\t\t\t\t\/* see gallery_shortcode() in wp-includes\/media.php *\/\n\t\t\t<\/style>\n\t\t<div id='gallery-1' class='dt-gallery-container gallery galleryid-1055 gallery-columns-4 gallery-size-medium'><dl class='gallery-item'>\n\t\t\t\t<dt class='gallery-icon portrait'>\n\t\t\t\t\t<a class=\"rollover rollover-zoom\" title=\"\"data-elementor-open-lightbox=\"yes\" data-elementor-lightbox-slideshow=\"b3987b3\" e-action-hash=\"#elementor-action%3Aaction%3Dlightbox%26settings%3DeyJpZCI6MTcyNiwidXJsIjoiaHR0cHM6XC9cL2xlZ3VtaXN0ZXMuY29tXC93cC1jb250ZW50XC91cGxvYWRzXC8yMDIyXC8wN1wvRFNDMDkxMzgtMS5qcGciLCJzbGlkZXNob3ciOiJiMzk4N2IzIn0%3D\" href='https:\/\/legumistes.com\/wp-content\/uploads\/2022\/07\/DSC09138-1.jpg'><img loading=\"lazy\" decoding=\"async\" width=\"201\" height=\"300\" src=\"https:\/\/legumistes.com\/wp-content\/uploads\/2022\/07\/DSC09138-1-201x300.jpg\" class=\"attachment-medium size-medium\" alt=\"\" srcset=\"https:\/\/legumistes.com\/wp-content\/uploads\/2022\/07\/DSC09138-1-201x300.jpg 201w, https:\/\/legumistes.com\/wp-content\/uploads\/2022\/07\/DSC09138-1-684x1024.jpg 684w, https:\/\/legumistes.com\/wp-content\/uploads\/2022\/07\/DSC09138-1-768x1149.jpg 768w, https:\/\/legumistes.com\/wp-content\/uploads\/2022\/07\/DSC09138-1-1027x1536.jpg 1027w, https:\/\/legumistes.com\/wp-content\/uploads\/2022\/07\/DSC09138-1.jpg 1042w\" sizes=\"auto, (max-width: 201px) 100vw, 201px\" \/><\/a>\n\t\t\t\t<\/dt><\/dl><dl class='gallery-item'>\n\t\t\t\t<dt class='gallery-icon portrait'>\n\t\t\t\t\t<a class=\"rollover rollover-zoom\" title=\"\"data-elementor-open-lightbox=\"yes\" data-elementor-lightbox-slideshow=\"b3987b3\" e-action-hash=\"#elementor-action%3Aaction%3Dlightbox%26settings%3DeyJpZCI6MTk4MSwidXJsIjoiaHR0cHM6XC9cL2xlZ3VtaXN0ZXMuY29tXC93cC1jb250ZW50XC91cGxvYWRzXC8yMDIzXC8wN1wvMEU2N0JGOUYtMEUxQS00OUU3LUFDODItMEM2NTcyNjdFRTFCLmpwZyIsInNsaWRlc2hvdyI6ImIzOTg3YjMifQ%3D%3D\" data-elementor-lightbox-title=\"0E67BF9F-0E1A-49E7-AC82-0C657267EE1B\" href='https:\/\/legumistes.com\/wp-content\/uploads\/2023\/07\/0E67BF9F-0E1A-49E7-AC82-0C657267EE1B.jpg'><img loading=\"lazy\" decoding=\"async\" width=\"240\" height=\"300\" src=\"https:\/\/legumistes.com\/wp-content\/uploads\/2023\/07\/0E67BF9F-0E1A-49E7-AC82-0C657267EE1B-240x300.jpg\" class=\"attachment-medium size-medium\" alt=\"\" srcset=\"https:\/\/legumistes.com\/wp-content\/uploads\/2023\/07\/0E67BF9F-0E1A-49E7-AC82-0C657267EE1B-240x300.jpg 240w, https:\/\/legumistes.com\/wp-content\/uploads\/2023\/07\/0E67BF9F-0E1A-49E7-AC82-0C657267EE1B-819x1024.jpg 819w, https:\/\/legumistes.com\/wp-content\/uploads\/2023\/07\/0E67BF9F-0E1A-49E7-AC82-0C657267EE1B-768x960.jpg 768w, https:\/\/legumistes.com\/wp-content\/uploads\/2023\/07\/0E67BF9F-0E1A-49E7-AC82-0C657267EE1B.jpg 1080w\" sizes=\"auto, (max-width: 240px) 100vw, 240px\" \/><\/a>\n\t\t\t\t<\/dt><\/dl><dl class='gallery-item'>\n\t\t\t\t<dt class='gallery-icon portrait'>\n\t\t\t\t\t<a class=\"rollover rollover-zoom\" title=\"\"data-elementor-open-lightbox=\"yes\" data-elementor-lightbox-slideshow=\"b3987b3\" e-action-hash=\"#elementor-action%3Aaction%3Dlightbox%26settings%3DeyJpZCI6MTk5NSwidXJsIjoiaHR0cHM6XC9cL2xlZ3VtaXN0ZXMuY29tXC93cC1jb250ZW50XC91cGxvYWRzXC8yMDIzXC8wN1wvRFNDMDM2ODEuanBnIiwic2xpZGVzaG93IjoiYjM5ODdiMyJ9\" data-elementor-lightbox-title=\"DSC03681\" href='https:\/\/legumistes.com\/wp-content\/uploads\/2023\/07\/DSC03681.jpg'><img loading=\"lazy\" decoding=\"async\" width=\"207\" height=\"300\" src=\"https:\/\/legumistes.com\/wp-content\/uploads\/2023\/07\/DSC03681-207x300.jpg\" class=\"attachment-medium size-medium\" alt=\"\" srcset=\"https:\/\/legumistes.com\/wp-content\/uploads\/2023\/07\/DSC03681-207x300.jpg 207w, https:\/\/legumistes.com\/wp-content\/uploads\/2023\/07\/DSC03681-706x1024.jpg 706w, https:\/\/legumistes.com\/wp-content\/uploads\/2023\/07\/DSC03681-768x1113.jpg 768w, https:\/\/legumistes.com\/wp-content\/uploads\/2023\/07\/DSC03681-1060x1536.jpg 1060w, https:\/\/legumistes.com\/wp-content\/uploads\/2023\/07\/DSC03681.jpg 1079w\" sizes=\"auto, (max-width: 207px) 100vw, 207px\" \/><\/a>\n\t\t\t\t<\/dt><\/dl><dl class='gallery-item'>\n\t\t\t\t<dt class='gallery-icon portrait'>\n\t\t\t\t\t<a class=\"rollover rollover-zoom\" title=\"\"data-elementor-open-lightbox=\"yes\" data-elementor-lightbox-slideshow=\"b3987b3\" e-action-hash=\"#elementor-action%3Aaction%3Dlightbox%26settings%3DeyJpZCI6MTk4NSwidXJsIjoiaHR0cHM6XC9cL2xlZ3VtaXN0ZXMuY29tXC93cC1jb250ZW50XC91cGxvYWRzXC8yMDIzXC8wN1wvRDI0N0RBMEUtNjVGMy00RUIyLTlDQUUtRjRDMTdDODBBQkYwLmpwZyIsInNsaWRlc2hvdyI6ImIzOTg3YjMifQ%3D%3D\" data-elementor-lightbox-title=\"D247DA0E-65F3-4EB2-9CAE-F4C17C80ABF0\" href='https:\/\/legumistes.com\/wp-content\/uploads\/2023\/07\/D247DA0E-65F3-4EB2-9CAE-F4C17C80ABF0.jpg'><img loading=\"lazy\" decoding=\"async\" width=\"240\" height=\"300\" src=\"https:\/\/legumistes.com\/wp-content\/uploads\/2023\/07\/D247DA0E-65F3-4EB2-9CAE-F4C17C80ABF0-240x300.jpg\" class=\"attachment-medium size-medium\" alt=\"\" srcset=\"https:\/\/legumistes.com\/wp-content\/uploads\/2023\/07\/D247DA0E-65F3-4EB2-9CAE-F4C17C80ABF0-240x300.jpg 240w, https:\/\/legumistes.com\/wp-content\/uploads\/2023\/07\/D247DA0E-65F3-4EB2-9CAE-F4C17C80ABF0-819x1024.jpg 819w, https:\/\/legumistes.com\/wp-content\/uploads\/2023\/07\/D247DA0E-65F3-4EB2-9CAE-F4C17C80ABF0-768x960.jpg 768w, https:\/\/legumistes.com\/wp-content\/uploads\/2023\/07\/D247DA0E-65F3-4EB2-9CAE-F4C17C80ABF0.jpg 1080w\" sizes=\"auto, (max-width: 240px) 100vw, 240px\" \/><\/a>\n\t\t\t\t<\/dt><\/dl><br style=\"clear: both\" \/>\n\t\t\t<\/div>\n\t\t<\/div>\n\t\t\t\t<\/div>\n\t\t\t\t<\/div>\n\t\t\t\t\t<\/div>\n\t\t<\/div>\n\t\t\t\t\t\t\t<\/div>\n\t\t<\/section>\n\t\t\t\t\t\t\t<\/div>\n\t\t","protected":false},"excerpt":{"rendered":"<p>Nous cr\u00e9ons des \u00e9v\u00e8nements culinaires \u00e9ph\u00e9m\u00e8res et r\u00e9sidences ayant pour trame et inspiration la cuisine v\u00e9g\u00e9tale. Sous diverses formes &#8211; d\u00e9jeuner, diner, brunch, atelier de cuisine &#8211; nous collaborons avec des restaurateurs, des domaines viticoles, et tout lieu disposant d&rsquo;une cuisine \u00e9quip\u00e9e. We create ephemeral culinary events and residences with plant-based cuisine as a framework&hellip;<\/p>\n","protected":false},"author":1,"featured_media":0,"parent":0,"menu_order":0,"comment_status":"closed","ping_status":"closed","template":"","meta":{"footnotes":""},"class_list":["post-1055","page","type-page","status-publish","hentry"],"_links":{"self":[{"href":"https:\/\/legumistes.com\/index.php\/wp-json\/wp\/v2\/pages\/1055","targetHints":{"allow":["GET"]}}],"collection":[{"href":"https:\/\/legumistes.com\/index.php\/wp-json\/wp\/v2\/pages"}],"about":[{"href":"https:\/\/legumistes.com\/index.php\/wp-json\/wp\/v2\/types\/page"}],"author":[{"embeddable":true,"href":"https:\/\/legumistes.com\/index.php\/wp-json\/wp\/v2\/users\/1"}],"replies":[{"embeddable":true,"href":"https:\/\/legumistes.com\/index.php\/wp-json\/wp\/v2\/comments?post=1055"}],"version-history":[{"count":37,"href":"https:\/\/legumistes.com\/index.php\/wp-json\/wp\/v2\/pages\/1055\/revisions"}],"predecessor-version":[{"id":2156,"href":"https:\/\/legumistes.com\/index.php\/wp-json\/wp\/v2\/pages\/1055\/revisions\/2156"}],"wp:attachment":[{"href":"https:\/\/legumistes.com\/index.php\/wp-json\/wp\/v2\/media?parent=1055"}],"curies":[{"name":"wp","href":"https:\/\/api.w.org\/{rel}","templated":true}]}}